{"id":3763,"date":"2026-04-09T15:44:32","date_gmt":"2026-04-09T15:44:32","guid":{"rendered":"https:\/\/candysodas.ch\/impressum\/"},"modified":"2026-04-20T15:37:06","modified_gmt":"2026-04-20T15:37:06","slug":"impressum","status":"publish","type":"page","link":"https:\/\/candysodas.ch\/de\/impressum\/","title":{"rendered":"Impressum"},"content":{"rendered":"\t\t<div data-elementor-type=\"wp-page\" data-elementor-id=\"3763\" class=\"elementor elementor-3763 elementor-1465\" data-elementor-post-type=\"page\">\n\t\t\t\t<div class=\"elementor-element elementor-element-21c64af e-flex e-con-boxed e-con e-parent\" data-id=\"21c64af\" data-element_type=\"container\" data-e-type=\"container\">\n\t\t\t\t\t<div class=\"e-con-inner\">\n\t\t\t\t\t<\/div>\n\t\t\t\t<\/div>\n\t\t<div class=\"elementor-element elementor-element-733f7ce3 e-flex e-con-boxed e-con e-parent\" data-id=\"733f7ce3\" data-element_type=\"container\" data-e-type=\"container\">\n\t\t\t\t\t<div class=\"e-con-inner\">\n\t\t\t\t<div class=\"elementor-element elementor-element-a204bee elementor-widget elementor-widget-spacer\" data-id=\"a204bee\" data-element_type=\"widget\" data-e-type=\"widget\" data-widget_type=\"spacer.default\">\n\t\t\t\t\t\t\t<div class=\"elementor-spacer\">\n\t\t\t<div class=\"elementor-spacer-inner\"><\/div>\n\t\t<\/div>\n\t\t\t\t\t\t<\/div>\n\t\t\t\t<div class=\"elementor-element elementor-element-61250c39 elementor-widget elementor-widget-text-editor\" data-id=\"61250c39\" data-element_type=\"widget\" data-e-type=\"widget\" data-widget_type=\"text-editor.default\">\n\t\t\t\t\t\t\t\t\t<h1 class=\"wp-block-heading\"><img decoding=\"async\" class=\"emoji\" role=\"img\" draggable=\"false\" src=\"https:\/\/s.w.org\/images\/core\/emoji\/17.0.2\/svg\/1f4c4.svg\" alt=\"\ud83d\udcc4\"> IMPRESSUM (Rechtliche Hinweise)<\/h1><h2 data-section-id=\"h2l9x9\" data-start=\"129\" data-end=\"166\">Angaben gem\u00e4ss Schweizer Recht<\/h2><h3 data-section-id=\"1xmlo5j\" data-start=\"168\" data-end=\"180\">Anbieter<\/h3><p data-start=\"182\" data-end=\"229\"><strong data-start=\"182\" data-end=\"205\">Beer Shop Ben Ahmed<\/strong><br data-start=\"205\" data-end=\"208\">(Einzelfirma)<\/p><p data-start=\"231\" data-end=\"288\">UID: CHE-195.084.680<br data-start=\"251\" data-end=\"254\">MWST-Nummer: CHE-195.084.680 MWST<\/p><p data-start=\"290\" data-end=\"339\">Bahnhofstrasse 44<br data-start=\"307\" data-end=\"310\">3400 Burgdorf<br data-start=\"323\" data-end=\"326\">Switzerland<\/p><hr data-start=\"341\" data-end=\"344\"><h3 data-section-id=\"1o7i8w6\" data-start=\"346\" data-end=\"357\">Kontakt<\/h3><p data-start=\"359\" data-end=\"418\">Email: <a class=\"decorated-link cursor-pointer\" rel=\"noopener\" data-start=\"366\" data-end=\"384\">info@candysodas.ch<\/a><br data-start=\"384\" data-end=\"387\">Webseite: <a class=\"decorated-link\" href=\"https:\/\/candysodas.ch\/de\/\" target=\"_new\" rel=\"noopener\" data-start=\"396\" data-end=\"418\">https:\/\/candysodas.ch\/<\/a><\/p><hr data-start=\"420\" data-end=\"423\"><h3 data-section-id=\"9hn8y5\" data-start=\"425\" data-end=\"446\">Gesch\u00e4ftst\u00e4tigkeit<\/h3><p data-start=\"448\" data-end=\"539\">Betrieb eines Online-Shops f\u00fcr Getr\u00e4nke und S\u00fcsswaren unter der Marke CandySodas.<\/p><hr data-start=\"541\" data-end=\"544\"><h3 data-section-id=\"1tc0joi\" data-start=\"546\" data-end=\"570\">Haftungsausschluss<\/h3><p data-start=\"572\" data-end=\"749\">Die Inhalte dieser Website wurden mit gr\u00f6sstm\u00f6glicher Sorgfalt erstellt. Wir \u00fcbernehmen jedoch keine Gew\u00e4hr f\u00fcr die Richtigkeit, Vollst\u00e4ndigkeit oder Aktualit\u00e4t der bereitgestellten Informationen. <\/p><p data-start=\"751\" data-end=\"897\">Soweit gesetzlich zul\u00e4ssig, haften wir nicht f\u00fcr Sch\u00e4den, die aus der Nutzung dieser Website entstehen, es sei denn, diese beruhen auf Vorsatz oder grober Fahrl\u00e4ssigkeit.<\/p><hr data-start=\"899\" data-end=\"902\"><h3 data-section-id=\"1yv2pcg\" data-start=\"904\" data-end=\"937\">Haftung f\u00fcr externe Links<\/h3><p data-start=\"939\" data-end=\"1095\">Diese Website kann Links zu externen Websites Dritter enthalten. Auf deren Inhalte haben wir keinen Einfluss und \u00fcbernehmen daher keine Haftung f\u00fcr diese Inhalte. <\/p><p data-start=\"1097\" data-end=\"1193\">F\u00fcr die Inhalte der verlinkten Seiten ist stets der jeweilige Anbieter oder Betreiber der Seiten verantwortlich.<\/p><hr data-start=\"1195\" data-end=\"1198\"><h3 data-section-id=\"du06xv\" data-start=\"1200\" data-end=\"1213\">Urheberrecht<\/h3><p data-start=\"1215\" data-end=\"1300\">Alle Inhalte auf dieser Website (Texte, Bilder, Grafiken, Logos) unterliegen dem Urheberrecht.<\/p><p data-start=\"1302\" data-end=\"1455\">Jede Vervielf\u00e4ltigung, Bearbeitung, Verbreitung oder sonstige Verwertung ausserhalb der Grenzen des Urheberrechts bedarf der vorherigen schriftlichen Zustimmung des jeweiligen Rechteinhabers.<\/p><hr data-start=\"1457\" data-end=\"1460\"><h3 data-section-id=\"o5p3it\" data-start=\"1462\" data-end=\"1481\">Datenschutz<\/h3><p data-start=\"1483\" data-end=\"1582\">Informationen zur Verarbeitung personenbezogener Daten finden Sie in unserer Datenschutz- und Cookie-Richtlinie.<\/p><hr data-start=\"1584\" data-end=\"1587\"><h3 data-section-id=\"dacex3\" data-start=\"1616\" data-end=\"1645\">Handelsregistereintrag<\/h3><p data-start=\"1647\" data-end=\"1685\">Eingetragen unter: CH-036.1.075.802-4<\/p><hr data-start=\"1687\" data-end=\"1690\"><h2 data-section-id=\"gjfreb\" data-start=\"1692\" data-end=\"1718\">Verantwortlich f\u00fcr den Inhalt<\/h2><p data-start=\"1720\" data-end=\"1795\"><strong data-start=\"1720\" data-end=\"1743\">Beer Shop Ben Ahmed<\/strong><br data-start=\"1743\" data-end=\"1746\">Bahnhofstrasse 44<br data-start=\"1763\" data-end=\"1766\">3400 Burgdorf<br data-start=\"1779\" data-end=\"1782\">Switzerland<\/p>\t\t\t\t\t\t\t\t<\/div>\n\t\t\t\t\t<\/div>\n\t\t\t\t<\/div>\n\t\t<div class=\"elementor-element elementor-element-332bc81 e-flex e-con-boxed e-con e-parent\" data-id=\"332bc81\" data-element_type=\"container\" data-e-type=\"container\">\n\t\t\t\t\t<div class=\"e-con-inner\">\n\t\t\t\t<div class=\"elementor-element elementor-element-1bb1ccc elementor-widget elementor-widget-spacer\" data-id=\"1bb1ccc\" data-element_type=\"widget\" data-e-type=\"widget\" data-widget_type=\"spacer.default\">\n\t\t\t\t\t\t\t<div class=\"elementor-spacer\">\n\t\t\t<div class=\"elementor-spacer-inner\"><\/div>\n\t\t<\/div>\n\t\t\t\t\t\t<\/div>\n\t\t\t\t\t<\/div>\n\t\t\t\t<\/div>\n\t\t\t\t<\/div>\n\t\t","protected":false},"excerpt":{"rendered":"<p>IMPRESSUM (Rechtliche Hinweise) Angaben gem\u00e4ss Schweizer Recht Anbieter Beer Shop Ben Ahmed(Einzelfirma) UID: CHE-195.084.680MWST-Nummer: CHE-195.084.680 MWST Bahnhofstrasse 443400 BurgdorfSwitzerland Kontakt Email: info@candysodas.chWebseite: https:\/\/candysodas.ch\/ Gesch\u00e4ftst\u00e4tigkeit Betrieb eines Online-Shops f\u00fcr Getr\u00e4nke und S\u00fcsswaren unter der Marke CandySodas. Haftungsausschluss Die Inhalte dieser Website wurden mit gr\u00f6sstm\u00f6glicher Sorgfalt erstellt. Wir \u00fcbernehmen jedoch keine Gew\u00e4hr f\u00fcr die Richtigkeit, Vollst\u00e4ndigkeit oder [&hellip;]<\/p>\n","protected":false},"author":1,"featured_media":0,"parent":0,"menu_order":0,"comment_status":"closed","ping_status":"closed","template":"","meta":{"footnotes":""},"class_list":["post-3763","page","type-page","status-publish","hentry"],"_links":{"self":[{"href":"https:\/\/candysodas.ch\/de\/wp-json\/wp\/v2\/pages\/3763","targetHints":{"allow":["GET"]}}],"collection":[{"href":"https:\/\/candysodas.ch\/de\/wp-json\/wp\/v2\/pages"}],"about":[{"href":"https:\/\/candysodas.ch\/de\/wp-json\/wp\/v2\/types\/page"}],"author":[{"embeddable":true,"href":"https:\/\/candysodas.ch\/de\/wp-json\/wp\/v2\/users\/1"}],"replies":[{"embeddable":true,"href":"https:\/\/candysodas.ch\/de\/wp-json\/wp\/v2\/comments?post=3763"}],"version-history":[{"count":1,"href":"https:\/\/candysodas.ch\/de\/wp-json\/wp\/v2\/pages\/3763\/revisions"}],"predecessor-version":[{"id":3764,"href":"https:\/\/candysodas.ch\/de\/wp-json\/wp\/v2\/pages\/3763\/revisions\/3764"}],"wp:attachment":[{"href":"https:\/\/candysodas.ch\/de\/wp-json\/wp\/v2\/media?parent=3763"}],"curies":[{"name":"wp","href":"https:\/\/api.w.org\/{rel}","templated":true}]}}