{"id":2323,"date":"2026-03-10T23:59:11","date_gmt":"2026-03-10T23:59:11","guid":{"rendered":"https:\/\/candysodas.ch\/product\/monster-energy-ultra-watermelon-zero-sugar-500-ml-dose\/"},"modified":"2026-03-10T23:59:11","modified_gmt":"2026-03-10T23:59:11","slug":"monster-energy-ultra-watermelon-zero-sugar-500-ml-dose","status":"publish","type":"product","link":"https:\/\/candysodas.ch\/de\/produkt\/monster-energy-ultra-watermelon-zero-sugar-500-ml-dose\/","title":{"rendered":"Monster Energy Ultra Watermelon Zero Sugar 500-ml-Dose"},"content":{"rendered":"<p><strong>Produkt\u00fcbersicht<\/strong><\/p>\n<p>Monster Energy Ultra Watermelon Zero Sugar liefert den erfrischenden Geschmack saftiger Wassermelone, kombiniert mit Monsters typischem Energy-Blend. Als Teil der beliebten Monster-Ultra-Serie bietet dieser Drink einen leichten, spritzigen Geschmack \u2013 ohne Zucker und mit weniger Kalorien. <\/p>\n<p>Inspiriert vom s\u00fc\u00dfen, erfrischenden Geschmack sommerlicher Wassermelone bietet Ultra Watermelon einen smoothen, leicht kohlens\u00e4urehaltigen Energy-Drink, den du jederzeit genie\u00dfen kannst, wenn du einen Energy-Boost brauchst.<\/p>\n<p>Die Monster-Ultra-Linie ist bekannt f\u00fcr vollen Geschmack ohne Zucker \u2013 damit ist Ultra Watermelon die perfekte Wahl f\u00fcr alle, die Energie ohne extra S\u00fc\u00dfe wollen.<\/p>\n<p><strong>Hauptmerkmale<\/strong><\/p>\n<p>\u2022 Energy-Drink mit Wassermelonen-Geschmack, ohne Zucker<br \/>\n\u2022 Teil der Monster-Ultra-Serie<br \/>\n\u2022 Spritziger, erfrischender Sommer-Wassermelonen-Geschmack<br \/>\n\u2022 Leichte Kohlens\u00e4ure und smoother Abgang<br \/>\n\u2022 Typischer Monster-Energy-Blend  <\/p>\n<p><strong>Produktdetails<\/strong><\/p>\n<p>Marke: Monster Energy<br \/>\nProduktname: Monster Energy Ultra Watermelon Zero Sugar<br \/>\nGeschmack: Wassermelone<br \/>\nGetr\u00e4nketyp: Energy-Drink (ohne Zucker)<br \/>\nDosengr\u00f6\u00dfe: 500 ml<br \/>\nVerpackung: Aluminiumdose<br \/>\nHerkunftsland: USA<\/p>\n<p><strong>Lagerung<\/strong><\/p>\n<p>K\u00fchl und trocken lagern. Am besten gek\u00fchlt servieren f\u00fcr maximale Erfrischung.<\/p>\n<p><strong>Perfekt f\u00fcr<\/strong><\/p>\n<p>\u2022 Energie-Kick f\u00fcr zwischendurch<br \/>\n\u2022 Fans von fruchtigen Energy-Drinks<br \/>\n\u2022 Workouts und aktiver Lifestyle<br \/>\n\u2022 Monster-Ultra-Serien-Fans<\/p>\n","protected":false},"excerpt":{"rendered":"<p>Monster Energy Ultra Watermelon Zero Sugar ist ein erfrischender Energy-Drink mit Wassermelonen-Geschmack und Monsters typischem Energy-Blend.<\/p>\n","protected":false},"featured_media":268,"comment_status":"open","ping_status":"closed","template":"","meta":[],"product_brand":[],"product_cat":[1845,1812],"product_tag":[2391],"class_list":{"0":"post-2323","1":"product","2":"type-product","3":"status-publish","4":"has-post-thumbnail","6":"product_cat-energy-drinks","7":"product_cat-getraenke","8":"product_tag-kaufe-monster-energy-ultra-watermelon-zero-sugar-500-ml-erfrischender-monster-energy-drink-mit-wassermelonen-geschmack-ohne-zucker","10":"first","11":"instock","12":"shipping-taxable","13":"purchasable","14":"product-type-simple"},"_links":{"self":[{"href":"https:\/\/candysodas.ch\/de\/wp-json\/wp\/v2\/product\/2323","targetHints":{"allow":["GET"]}}],"collection":[{"href":"https:\/\/candysodas.ch\/de\/wp-json\/wp\/v2\/product"}],"about":[{"href":"https:\/\/candysodas.ch\/de\/wp-json\/wp\/v2\/types\/product"}],"replies":[{"embeddable":true,"href":"https:\/\/candysodas.ch\/de\/wp-json\/wp\/v2\/comments?post=2323"}],"wp:featuredmedia":[{"embeddable":true,"href":"https:\/\/candysodas.ch\/de\/wp-json\/wp\/v2\/media\/268"}],"wp:attachment":[{"href":"https:\/\/candysodas.ch\/de\/wp-json\/wp\/v2\/media?parent=2323"}],"wp:term":[{"taxonomy":"product_brand","embeddable":true,"href":"https:\/\/candysodas.ch\/de\/wp-json\/wp\/v2\/product_brand?post=2323"},{"taxonomy":"product_cat","embeddable":true,"href":"https:\/\/candysodas.ch\/de\/wp-json\/wp\/v2\/product_cat?post=2323"},{"taxonomy":"product_tag","embeddable":true,"href":"https:\/\/candysodas.ch\/de\/wp-json\/wp\/v2\/product_tag?post=2323"}],"curies":[{"name":"wp","href":"https:\/\/api.w.org\/{rel}","templated":true}]}}