{"id":2467,"date":"2026-03-11T00:58:56","date_gmt":"2026-03-11T00:58:56","guid":{"rendered":"https:\/\/candysodas.ch\/product\/calypso-sunset-peach-lemonade-473-ml-glasflasche\/"},"modified":"2026-03-11T00:58:56","modified_gmt":"2026-03-11T00:58:56","slug":"calypso-sunset-peach-lemonade-473-ml-glasflasche","status":"publish","type":"product","link":"https:\/\/candysodas.ch\/de\/produkt\/calypso-sunset-peach-lemonade-473-ml-glasflasche\/","title":{"rendered":"Calypso Sunset Peach Lemonade 473 ml Glasflasche"},"content":{"rendered":"<p><strong>Produkt\u00fcbersicht<\/strong><\/p>\n<p>Calypso Sunset Peach Lemonade vereint den erfrischenden Geschmack klassischer Limonade mit der sanften S\u00fc\u00dfe reifer Pfirsiche. Als Teil der beliebten Calypso-Reihe \u201eTaste of the Islands\u201c liefert dieses Getr\u00e4nk eine spritzig-fruchtige Erfrischung, inspiriert von tropischen Inselaromen.<\/p>\n<p>Mit echtem Zitronensaft und nat\u00fcrlichen Aromen bietet Sunset Peach Lemonade die perfekt ausbalancierte Mischung aus s\u00fc\u00dfem Pfirsich und spritziger Limonade. Das Getr\u00e4nk enth\u00e4lt au\u00dferdem kleine Zitronenfruchtfleischst\u00fcckchen und sorgt so f\u00fcr ein authentisches, hausgemachtes Limonaden-Feeling.<\/p>\n<p>Abgef\u00fcllt in der ikonischen Calypso-Glasflasche ist dieses erfrischende Getr\u00e4nk perfekt, um es gut gek\u00fchlt an warmen Tagen zu genie\u00dfen \u2013 oder immer dann, wenn du Lust auf eine knallige Fruchtlimonade hast.<\/p>\n<p><strong>Hauptmerkmale<\/strong><\/p>\n<p>\u2022 Pfirsich-Limonade mit echtem Zitronensaft<br \/>\n\u2022 S\u00fc\u00dfer Pfirsich trifft spritzige Limonade<br \/>\n\u2022 Enth\u00e4lt echtes Zitronenfruchtfleisch<br \/>\n\u2022 Teil der Calypso-Reihe \u201eTaste of the Islands\u201c<br \/>\n\u2022 Ikonische Glasflasche  <\/p>\n<p><strong>Produktdetails<\/strong><\/p>\n<p>Marke: Calypso<br \/>\nProduktname: Calypso Sunset Peach Lemonade<br \/>\nGeschmack: Pfirsich-Limonade<br \/>\nGetr\u00e4nketyp: Limonade<br \/>\nFlaschengr\u00f6\u00dfe: 473 ml (16 fl oz)<br \/>\nVerpackung: Glasflasche<br \/>\nHerkunftsland: Vereinigte Staaten<\/p>\n<p><strong>Lagerung<\/strong><\/p>\n<p>K\u00fchl und trocken lagern. Vor dem Trinken gut sch\u00fctteln. Am besten gek\u00fchlt servieren.<\/p>\n<p><strong>Perfekt f\u00fcr<\/strong><\/p>\n<p>\u2022 Fans von fruchtigen Limonaden<br \/>\n\u2022 Erfrischende Sommergetr\u00e4nke<br \/>\n\u2022 Softdrinks mit tropischem Geschmack<br \/>\n\u2022 Calypso-Limonaden-Fans<\/p>\n","protected":false},"excerpt":{"rendered":"<p>Calypso Sunset Peach Lemonade ist eine erfrischende Pfirsich-Limonade mit echtem Zitronensaft \u2013 in der ikonischen Glasflasche.<\/p>\n","protected":false},"featured_media":315,"comment_status":"open","ping_status":"closed","template":"","meta":[],"product_brand":[],"product_cat":[1812,1864],"product_tag":[2556,2605,2608,2557,2606],"class_list":{"0":"post-2467","1":"product","2":"type-product","3":"status-publish","4":"has-post-thumbnail","6":"product_cat-getraenke","7":"product_cat-saftgetraenke","8":"product_tag-calypso-getraenk","9":"product_tag-calypso-pfirsich-limonade","10":"product_tag-calypso-sunset-peach-limonade","11":"product_tag-importierte-limonade-2","12":"product_tag-pfirsich-limonade","14":"first","15":"instock","16":"shipping-taxable","17":"purchasable","18":"product-type-simple"},"_links":{"self":[{"href":"https:\/\/candysodas.ch\/de\/wp-json\/wp\/v2\/product\/2467","targetHints":{"allow":["GET"]}}],"collection":[{"href":"https:\/\/candysodas.ch\/de\/wp-json\/wp\/v2\/product"}],"about":[{"href":"https:\/\/candysodas.ch\/de\/wp-json\/wp\/v2\/types\/product"}],"replies":[{"embeddable":true,"href":"https:\/\/candysodas.ch\/de\/wp-json\/wp\/v2\/comments?post=2467"}],"wp:featuredmedia":[{"embeddable":true,"href":"https:\/\/candysodas.ch\/de\/wp-json\/wp\/v2\/media\/315"}],"wp:attachment":[{"href":"https:\/\/candysodas.ch\/de\/wp-json\/wp\/v2\/media?parent=2467"}],"wp:term":[{"taxonomy":"product_brand","embeddable":true,"href":"https:\/\/candysodas.ch\/de\/wp-json\/wp\/v2\/product_brand?post=2467"},{"taxonomy":"product_cat","embeddable":true,"href":"https:\/\/candysodas.ch\/de\/wp-json\/wp\/v2\/product_cat?post=2467"},{"taxonomy":"product_tag","embeddable":true,"href":"https:\/\/candysodas.ch\/de\/wp-json\/wp\/v2\/product_tag?post=2467"}],"curies":[{"name":"wp","href":"https:\/\/api.w.org\/{rel}","templated":true}]}}