{"id":3769,"date":"2026-04-06T00:31:04","date_gmt":"2026-04-06T00:31:04","guid":{"rendered":"https:\/\/candysodas.ch\/politique-de-confidentialite-cookies\/"},"modified":"2026-04-20T16:56:05","modified_gmt":"2026-04-20T16:56:05","slug":"politique-de-confidentialite-cookies","status":"publish","type":"page","link":"https:\/\/candysodas.ch\/fr\/politique-de-confidentialite-cookies\/","title":{"rendered":"POLITIQUE DE CONFIDENTIALIT\u00c9 &amp; COOKIES"},"content":{"rendered":"\t\t<div data-elementor-type=\"wp-page\" data-elementor-id=\"3769\" class=\"elementor elementor-3769 elementor-1410\" data-elementor-post-type=\"page\">\n\t\t\t\t<div class=\"elementor-element elementor-element-e2720ef e-flex e-con-boxed e-con e-parent\" data-id=\"e2720ef\" data-element_type=\"container\" data-e-type=\"container\">\n\t\t\t\t\t<div class=\"e-con-inner\">\n\t\t\t\t\t<\/div>\n\t\t\t\t<\/div>\n\t\t<div class=\"elementor-element elementor-element-414bfe2a e-flex e-con-boxed e-con e-parent\" data-id=\"414bfe2a\" data-element_type=\"container\" data-e-type=\"container\">\n\t\t\t\t\t<div class=\"e-con-inner\">\n\t\t\t\t<div class=\"elementor-element elementor-element-7885a9f elementor-widget elementor-widget-spacer\" data-id=\"7885a9f\" data-element_type=\"widget\" data-e-type=\"widget\" data-widget_type=\"spacer.default\">\n\t\t\t\t\t\t\t<div class=\"elementor-spacer\">\n\t\t\t<div class=\"elementor-spacer-inner\"><\/div>\n\t\t<\/div>\n\t\t\t\t\t\t<\/div>\n\t\t\t\t<div class=\"elementor-element elementor-element-6ecabb59 elementor-widget elementor-widget-text-editor\" data-id=\"6ecabb59\" data-element_type=\"widget\" data-e-type=\"widget\" data-widget_type=\"text-editor.default\">\n\t\t\t\t\t\t\t\t\t<h1 class=\"wp-block-heading\">\ud83d\udd10 POLITIQUE DE CONFIDENTIALIT\u00c9 &amp; COOKIES<\/h1><h2 data-section-id=\"1wh1nr4\" data-start=\"476\" data-end=\"501\">1. Informations g\u00e9n\u00e9rales<\/h2><p data-start=\"503\" data-end=\"574\">La protection de vos donn\u00e9es personnelles est d\u2019une importance particuli\u00e8re pour nous.<\/p><p data-start=\"576\" data-end=\"843\">Cette Politique de confidentialit\u00e9 et de cookies explique comment Beer Shop Ben Ahmed (UID : CHE-195.084.680, TVA : CHE-195.084.680 MWST), exploitant la boutique en ligne sous la marque CandySodas, collecte, traite et utilise les donn\u00e9es personnelles lorsque vous acc\u00e9dez \u00e0 notre site web ou passez des commandes via :<\/p><p data-start=\"845\" data-end=\"870\">\ud83d\udc49 <a class=\"decorated-link\" href=\"https:\/\/candysodas.ch\/fr\/\" target=\"_new\" rel=\"noopener\" data-start=\"848\" data-end=\"870\">https:\/\/candysodas.ch\/<\/a><\/p><p data-start=\"872\" data-end=\"916\">Nous traitons les donn\u00e9es personnelles conform\u00e9ment :<\/p><ul data-start=\"918\" data-end=\"1062\"><li data-section-id=\"jg87gl\" data-start=\"918\" data-end=\"985\">\u00e0 la Loi f\u00e9d\u00e9rale suisse sur la protection des donn\u00e9es (nLPD \/ DSG 2023)<\/li><li data-section-id=\"13as8uj\" data-start=\"986\" data-end=\"1062\">et, le cas \u00e9ch\u00e9ant, au R\u00e8glement g\u00e9n\u00e9ral sur la protection des donn\u00e9es (RGPD)<\/li><\/ul><p data-start=\"1064\" data-end=\"1194\">Le traitement des donn\u00e9es est limit\u00e9 \u00e0 ce qui est n\u00e9cessaire pour exploiter le site web, ex\u00e9cuter les commandes, assurer la s\u00e9curit\u00e9 et am\u00e9liorer nos services.<\/p><hr data-start=\"1196\" data-end=\"1199\"><h2 data-section-id=\"dopo51\" data-start=\"1201\" data-end=\"1222\">2. Responsable du traitement<\/h2><p data-start=\"1224\" data-end=\"1274\">Le responsable du traitement des donn\u00e9es est :<\/p><p data-start=\"1276\" data-end=\"1402\"><strong data-start=\"1276\" data-end=\"1299\">Beer Shop Ben Ahmed<\/strong><br data-start=\"1299\" data-end=\"1302\">UID : CHE-195.084.680<br data-start=\"1322\" data-end=\"1325\">TVA : CHE-195.084.680 MWST<br data-start=\"1350\" data-end=\"1353\">Bahnhofstrasse 44<br data-start=\"1370\" data-end=\"1373\">3400 Burgdorf<br data-start=\"1386\" data-end=\"1389\">Suisse<\/p><p data-start=\"1404\" data-end=\"1431\">Email: <a class=\"decorated-link cursor-pointer\" rel=\"noopener\" data-start=\"1411\" data-end=\"1429\">info@candysodas.ch<\/a><\/p><hr data-start=\"1433\" data-end=\"1436\"><h2 data-section-id=\"rxnh9r\" data-start=\"1438\" data-end=\"1471\">3. Cat\u00e9gories de donn\u00e9es personnelles<\/h2><p data-start=\"1473\" data-end=\"1574\">Selon la mani\u00e8re dont vous interagissez avec notre site web, nous traitons les cat\u00e9gories de donn\u00e9es personnelles suivantes :<\/p><h3 data-section-id=\"1rnfyxh\" data-start=\"1576\" data-end=\"1604\">3.1 Donn\u00e9es fournies par vous<\/h3><p data-start=\"1606\" data-end=\"1667\">Lors d\u2019une commande, de la cr\u00e9ation d\u2019un compte ou d\u2019une prise de contact :<\/p><ul data-start=\"1669\" data-end=\"1847\"><li data-section-id=\"izaz90\" data-start=\"1669\" data-end=\"1692\">Nom et pr\u00e9nom<\/li><li data-section-id=\"1s5hkcs\" data-start=\"1693\" data-end=\"1725\">Adresse de facturation et de livraison<\/li><li data-section-id=\"wk4jiq\" data-start=\"1726\" data-end=\"1743\">Adresse e-mail<\/li><li data-section-id=\"jjbff3\" data-start=\"1744\" data-end=\"1764\">Num\u00e9ro de t\u00e9l\u00e9phone<\/li><li data-section-id=\"1iksspa\" data-start=\"1765\" data-end=\"1821\">D\u00e9tails de la commande (produits, quantit\u00e9s, statut du paiement)<\/li><li data-section-id=\"18deo01\" data-start=\"1822\" data-end=\"1847\">Contenu des communications<\/li><\/ul><p data-start=\"1849\" data-end=\"1918\">Ces donn\u00e9es sont n\u00e9cessaires pour traiter les commandes et assurer le service client.<\/p><hr data-start=\"1920\" data-end=\"1923\"><h3 data-section-id=\"21mlj7\" data-start=\"1925\" data-end=\"1961\">3.2 Donn\u00e9es collect\u00e9es automatiquement<\/h3><p data-start=\"1963\" data-end=\"1989\">Lors de la visite du site web :<\/p><ul data-start=\"1991\" data-end=\"2138\"><li data-section-id=\"btxcx3\" data-start=\"1991\" data-end=\"2005\">Adresse IP<\/li><li data-section-id=\"51kizx\" data-start=\"2006\" data-end=\"2034\">Type et version du navigateur<\/li><li data-section-id=\"xqmn2o\" data-start=\"2035\" data-end=\"2055\">Syst\u00e8me d\u2019exploitation<\/li><li data-section-id=\"anwpz4\" data-start=\"2056\" data-end=\"2072\">URL de provenance (referrer)<\/li><li data-section-id=\"1unhtru\" data-start=\"2073\" data-end=\"2107\">Pages visit\u00e9es et interactions<\/li><li data-section-id=\"10s2v69\" data-start=\"2108\" data-end=\"2138\">Date et dur\u00e9e de la visite<\/li><\/ul><p data-start=\"2140\" data-end=\"2205\">Ces donn\u00e9es sont utilis\u00e9es pour assurer la s\u00e9curit\u00e9, la stabilit\u00e9 et les performances.<\/p><hr data-start=\"2207\" data-end=\"2210\"><h3 data-section-id=\"1e2pmzd\" data-start=\"2212\" data-end=\"2243\">3.3 Donn\u00e9es WooCommerce \/ boutique<\/h3><p data-start=\"2245\" data-end=\"2274\">Pour les fonctionnalit\u00e9s e-commerce :<\/p><ul data-start=\"2276\" data-end=\"2386\"><li data-section-id=\"jlpoxi\" data-start=\"2276\" data-end=\"2326\">Contenu du panier (cookies de session)<\/li><li data-section-id=\"imfick\" data-start=\"2327\" data-end=\"2344\">Historique des commandes<\/li><li data-section-id=\"oju7gb\" data-start=\"2345\" data-end=\"2386\">Donn\u00e9es du compte client (si enregistr\u00e9)<\/li><\/ul><p data-start=\"2388\" data-end=\"2476\">Ce traitement est essentiel pour permettre les achats et g\u00e9rer la relation client.<\/p><hr data-start=\"2478\" data-end=\"2481\"><h2 data-section-id=\"zd240g\" data-start=\"2483\" data-end=\"2511\">4. Finalit\u00e9s du traitement<\/h2><p data-start=\"2513\" data-end=\"2565\">Nous traitons les donn\u00e9es personnelles aux fins suivantes :<\/p><ul data-start=\"2567\" data-end=\"2804\"><li data-section-id=\"xzgmbe\" data-start=\"2567\" data-end=\"2600\">Traitement et livraison des commandes<\/li><li data-section-id=\"18pjws4\" data-start=\"2601\" data-end=\"2642\">Gestion des paiements et pr\u00e9vention de la fraude<\/li><li data-section-id=\"1h9w2bw\" data-start=\"2643\" data-end=\"2669\">Communication avec les clients<\/li><li data-section-id=\"1nnzj3f\" data-start=\"2670\" data-end=\"2711\">Exploitation et s\u00e9curit\u00e9 du site web<\/li><li data-section-id=\"mnm12e\" data-start=\"2712\" data-end=\"2746\">Am\u00e9lioration de l\u2019exp\u00e9rience utilisateur<\/li><li data-section-id=\"1v11t9q\" data-start=\"2747\" data-end=\"2804\">Marketing et analyse (uniquement avec consentement)<\/li><\/ul><hr data-start=\"2806\" data-end=\"2809\"><h2 data-section-id=\"1mw8edn\" data-start=\"2811\" data-end=\"2840\">5. Base l\u00e9gale (DSG suisse)<\/h2><p data-start=\"2842\" data-end=\"2922\">Selon le droit suisse de la protection des donn\u00e9es, les donn\u00e9es personnelles peuvent \u00eatre trait\u00e9es lorsqu\u2019il existe une justification.<\/p><p data-start=\"2924\" data-end=\"2962\">En particulier, le traitement repose sur :<\/p><ul data-start=\"2964\" data-end=\"3234\"><li data-section-id=\"1lwwk90\" data-start=\"2964\" data-end=\"3016\">L\u2019ex\u00e9cution d\u2019un contrat (p. ex. traitement des commandes)<\/li><li data-section-id=\"ljywho\" data-start=\"3017\" data-end=\"3070\">Les obligations l\u00e9gales (p. ex. obligations comptables)<\/li><li data-section-id=\"1f6tawl\" data-start=\"3071\" data-end=\"3163\">Les int\u00e9r\u00eats l\u00e9gitimes (art. 31 DSG), tels que la s\u00e9curit\u00e9 du site et l\u2019exploitation commerciale<\/li><li data-section-id=\"11mbhoj\" data-start=\"3164\" data-end=\"3234\">Le consentement, lorsque n\u00e9cessaire (p. ex. cookies d\u2019analyse et marketing)<\/li><\/ul><p data-start=\"3236\" data-end=\"3306\">Lorsque le traitement repose sur le consentement, celui-ci peut \u00eatre retir\u00e9 \u00e0 tout moment.<\/p><hr data-start=\"3308\" data-end=\"3311\"><h2 data-section-id=\"qs3y26\" data-start=\"3313\" data-end=\"3352\">6. Cookies et technologies de suivi<\/h2><h3 data-section-id=\"14l21a1\" data-start=\"3354\" data-end=\"3369\">6.1 G\u00e9n\u00e9ralit\u00e9s<\/h3><p data-start=\"3371\" data-end=\"3463\">Nous utilisons des cookies et des technologies similaires afin d\u2019assurer le bon fonctionnement et d\u2019am\u00e9liorer l\u2019exp\u00e9rience utilisateur.<\/p><p data-start=\"3465\" data-end=\"3516\">Les cookies sont de petits fichiers texte stock\u00e9s sur votre appareil.<\/p><p data-start=\"3518\" data-end=\"3585\"><strong data-start=\"3518\" data-end=\"3585\">Les cookies non essentiels ne sont install\u00e9s qu\u2019apr\u00e8s votre consentement explicite.<\/strong><\/p><hr data-start=\"3587\" data-end=\"3590\"><h3 data-section-id=\"fvzvll\" data-start=\"3592\" data-end=\"3616\">6.2 Types de cookies<\/h3><h4 data-start=\"3618\" data-end=\"3640\">Cookies essentiels<\/h4><p data-start=\"3642\" data-end=\"3738\">Ces cookies sont n\u00e9cessaires au fonctionnement du site web et ne peuvent pas \u00eatre d\u00e9sactiv\u00e9s. Ils permettent : <\/p><ul data-start=\"3740\" data-end=\"3832\"><li data-section-id=\"1m41rdf\" data-start=\"3740\" data-end=\"3771\">le fonctionnement du panier<\/li><li data-section-id=\"bey2az\" data-start=\"3772\" data-end=\"3792\">le processus de paiement<\/li><li data-section-id=\"1p74vqe\" data-start=\"3793\" data-end=\"3811\">les sessions de connexion<\/li><li data-section-id=\"1u2ifut\" data-start=\"3812\" data-end=\"3832\">la s\u00e9curit\u00e9 du site<\/li><\/ul><hr data-start=\"3834\" data-end=\"3837\"><h4 data-start=\"3839\" data-end=\"3882\">Cookies d\u2019analyse (Google Analytics 4)<\/h4><p data-start=\"3884\" data-end=\"3958\">Avec votre consentement, nous utilisons Google Analytics 4 pour analyser l\u2019utilisation du site.<\/p><ul data-start=\"3960\" data-end=\"4096\"><li data-section-id=\"6xit4s\" data-start=\"3960\" data-end=\"4000\">Les donn\u00e9es sont trait\u00e9es sous forme agr\u00e9g\u00e9e<\/li><li data-section-id=\"1min3ii\" data-start=\"4001\" data-end=\"4047\">L\u2019anonymisation de l\u2019IP est activ\u00e9e lorsque possible<\/li><li data-section-id=\"1lehz9v\" data-start=\"4048\" data-end=\"4096\">Les donn\u00e9es peuvent \u00eatre transf\u00e9r\u00e9es aux \u00c9tats-Unis<\/li><\/ul><p data-start=\"4098\" data-end=\"4143\">Objectif : am\u00e9liorer l\u2019ergonomie et les performances<\/p><hr data-start=\"4145\" data-end=\"4148\"><h4 data-start=\"4150\" data-end=\"4185\">Cookies marketing (Meta Pixel)<\/h4><p data-start=\"4187\" data-end=\"4235\">Avec votre consentement, nous utilisons le Meta Pixel pour :<\/p><ul data-start=\"4237\" data-end=\"4312\"><li data-section-id=\"y18aci\" data-start=\"4237\" data-end=\"4272\">mesurer les performances publicitaires<\/li><li data-section-id=\"jvufdi\" data-start=\"4273\" data-end=\"4312\">afficher des publicit\u00e9s personnalis\u00e9es<\/li><\/ul><hr data-start=\"4314\" data-end=\"4317\"><h3 data-section-id=\"1lk8kou\" data-start=\"4319\" data-end=\"4353\">6.3 Traitement des paiements<\/h3><p data-start=\"4355\" data-end=\"4413\">Les paiements sont trait\u00e9s via Stripe Payments Europe Ltd.<\/p><p data-start=\"4415\" data-end=\"4433\">M\u00e9thodes prises en charge :<\/p><ul data-start=\"4435\" data-end=\"4475\"><li data-section-id=\"1wof55j\" data-start=\"4435\" data-end=\"4461\">Cartes de cr\u00e9dit et de d\u00e9bit<\/li><li data-section-id=\"12z4ueg\" data-start=\"4462\" data-end=\"4475\">Apple Pay<\/li><\/ul><p data-start=\"4477\" data-end=\"4563\">Stripe traite les donn\u00e9es de paiement directement et agit en tant que responsable de traitement ind\u00e9pendant.<\/p><p data-start=\"4565\" data-end=\"4602\">Nous ne stockons pas les informations compl\u00e8tes de paiement.<\/p><p data-start=\"4604\" data-end=\"4631\">Les donn\u00e9es trait\u00e9es peuvent inclure :<\/p><ul data-start=\"4633\" data-end=\"4751\"><li data-section-id=\"1t2yru7\" data-start=\"4633\" data-end=\"4641\">Nom<\/li><li data-section-id=\"1fnvrhx\" data-start=\"4642\" data-end=\"4661\">Adresse de facturation<\/li><li data-section-id=\"8419su\" data-start=\"4662\" data-end=\"4680\">Montant du paiement<\/li><li data-section-id=\"ec95pt\" data-start=\"4681\" data-end=\"4714\">Donn\u00e9es de carte (trait\u00e9es par Stripe)<\/li><li data-section-id=\"z9sh4v\" data-start=\"4715\" data-end=\"4751\">Jeton d\u2019appareil\/de paiement (Apple Pay)<\/li><\/ul><hr data-start=\"4753\" data-end=\"4756\"><h2 data-section-id=\"hkp4qa\" data-start=\"4758\" data-end=\"4784\">7. Services tiers<\/h2><p data-start=\"4786\" data-end=\"4824\">Nous utilisons des prestataires tiers s\u00e9lectionn\u00e9s :<\/p><h3 data-section-id=\"1bvmsaf\" data-start=\"4826\" data-end=\"4848\">Traitement des paiements<\/h3><p data-start=\"4850\" data-end=\"4912\"><strong data-start=\"4850\" data-end=\"4881\">Stripe Payments Europe Ltd.<\/strong><br data-start=\"4881\" data-end=\"4884\"><a class=\"decorated-link\" href=\"https:\/\/stripe.com\/privacy\" target=\"_new\" rel=\"noopener\" data-start=\"4884\" data-end=\"4910\">https:\/\/stripe.com\/privacy<\/a><\/p><p data-start=\"4914\" data-end=\"4959\">Traite les donn\u00e9es de paiement de mani\u00e8re ind\u00e9pendante.<\/p><hr data-start=\"4961\" data-end=\"4964\"><h3 data-section-id=\"c61ugk\" data-start=\"4966\" data-end=\"4978\">Livraison<\/h3><p data-start=\"4980\" data-end=\"4994\"><strong data-start=\"4980\" data-end=\"4994\">La Poste Suisse<\/strong><\/p><p data-start=\"4996\" data-end=\"5006\">Traite :<\/p><ul data-start=\"5008\" data-end=\"5037\"><li data-section-id=\"1t2yru7\" data-start=\"5008\" data-end=\"5016\">Nom<\/li><li data-section-id=\"1ter3fm\" data-start=\"5017\" data-end=\"5037\">Adresse de livraison<\/li><\/ul><hr data-start=\"5039\" data-end=\"5042\"><h3 data-section-id=\"1k86ki5\" data-start=\"5044\" data-end=\"5070\">Analyse et s\u00e9curit\u00e9<\/h3><ul data-start=\"5072\" data-end=\"5115\"><li data-section-id=\"14ez2rn\" data-start=\"5072\" data-end=\"5094\">Google Analytics 4<\/li><li data-section-id=\"105h6uy\" data-start=\"5095\" data-end=\"5115\">Google reCAPTCHA<\/li><\/ul><hr data-start=\"5117\" data-end=\"5120\"><h3 data-section-id=\"141kvcy\" data-start=\"5122\" data-end=\"5135\">Marketing<\/h3><ul data-start=\"5137\" data-end=\"5172\"><li data-section-id=\"z2rfqb\" data-start=\"5137\" data-end=\"5172\">Meta Pixel (Facebook \/ Instagram)<\/li><\/ul><p data-start=\"5174\" data-end=\"5245\">Ces services ne sont activ\u00e9s que lorsque cela est n\u00e9cessaire sur la base de votre consentement.<\/p><hr data-start=\"5247\" data-end=\"5250\"><h2 data-section-id=\"u987tt\" data-start=\"5252\" data-end=\"5286\">8. Transferts internationaux de donn\u00e9es<\/h2><p data-start=\"5288\" data-end=\"5464\">Certains prestataires (notamment Stripe, Google et Meta) peuvent traiter des donn\u00e9es personnelles en dehors de la Suisse ou de l\u2019Espace \u00e9conomique europ\u00e9en, y compris aux \u00c9tats-Unis.<\/p><p data-start=\"5466\" data-end=\"5529\">Dans de tels cas, des garanties appropri\u00e9es sont mises en place, telles que :<\/p><ul data-start=\"5531\" data-end=\"5613\"><li data-section-id=\"3mfs06\" data-start=\"5531\" data-end=\"5570\">Clauses contractuelles types (CCT)<\/li><li data-section-id=\"vfc4un\" data-start=\"5571\" data-end=\"5613\">ou autres m\u00e9canismes reconnus l\u00e9galement<\/li><\/ul><p data-start=\"5615\" data-end=\"5731\">Veuillez noter que les transferts de donn\u00e9es vers des pays ne disposant pas d\u2019un niveau de protection ad\u00e9quat peuvent comporter certains risques.<\/p><hr data-start=\"5733\" data-end=\"5736\"><h2 data-section-id=\"u0if88\" data-start=\"5738\" data-end=\"5758\">9. Consentement aux cookies<\/h2><p data-start=\"5760\" data-end=\"5795\">Lors de la visite de notre site web, vous pouvez :<\/p><ul data-start=\"5797\" data-end=\"5883\"><li data-section-id=\"u13cri\" data-start=\"5797\" data-end=\"5819\">accepter tous les cookies<\/li><li data-section-id=\"1xnieks\" data-start=\"5820\" data-end=\"5852\">refuser les cookies non essentiels<\/li><li data-section-id=\"1ciphpw\" data-start=\"5853\" data-end=\"5883\">personnaliser vos pr\u00e9f\u00e9rences<\/li><\/ul><p data-start=\"5885\" data-end=\"5993\">Vous pouvez modifier ou retirer votre consentement \u00e0 tout moment via les param\u00e8tres des cookies disponibles dans le pied de page du site.<\/p><hr data-start=\"5995\" data-end=\"5998\"><h2 data-section-id=\"bmsf1q\" data-start=\"6000\" data-end=\"6021\">10. Conservation des donn\u00e9es<\/h2><p data-start=\"6023\" data-end=\"6073\">Nous conservons les donn\u00e9es personnelles uniquement aussi longtemps que n\u00e9cessaire :<\/p><ul data-start=\"6075\" data-end=\"6210\"><li data-section-id=\"8p27at\" data-start=\"6075\" data-end=\"6150\">Donn\u00e9es de commande et comptables : jusqu\u2019\u00e0 10 ans (exigence l\u00e9gale suisse)<\/li><li data-section-id=\"1p373f1\" data-start=\"6151\" data-end=\"6210\">Autres donn\u00e9es : supprim\u00e9es ou anonymis\u00e9es lorsqu\u2019elles ne sont plus n\u00e9cessaires<\/li><\/ul><hr data-start=\"6212\" data-end=\"6215\"><h2 data-section-id=\"5fy9hp\" data-start=\"6217\" data-end=\"6237\">11. S\u00e9curit\u00e9 des donn\u00e9es<\/h2><p data-start=\"6239\" data-end=\"6313\">Nous mettons en \u0153uvre des mesures techniques et organisationnelles appropri\u00e9es, notamment :<\/p><ul data-start=\"6315\" data-end=\"6399\"><li data-section-id=\"1nbnx2n\" data-start=\"6315\" data-end=\"6337\">chiffrement SSL\/TLS<\/li><li data-section-id=\"g73xhh\" data-start=\"6338\" data-end=\"6368\">contr\u00f4les d\u2019acc\u00e8s restreints<\/li><li data-section-id=\"ec95ka\" data-start=\"6369\" data-end=\"6399\">environnement d\u2019h\u00e9bergement s\u00e9curis\u00e9<\/li><\/ul><p data-start=\"6401\" data-end=\"6491\">Toutefois, aucune transmission de donn\u00e9es sur Internet ne peut \u00eatre garantie comme totalement s\u00e9curis\u00e9e.<\/p><hr data-start=\"6493\" data-end=\"6496\"><h2 data-section-id=\"10dtcbu\" data-start=\"6498\" data-end=\"6516\">12. Vos droits<\/h2><p data-start=\"6518\" data-end=\"6562\">Conform\u00e9ment \u00e0 la l\u00e9gislation applicable, vous avez le droit de :<\/p><ul data-start=\"6564\" data-end=\"6748\"><li data-section-id=\"wzwbp1\" data-start=\"6564\" data-end=\"6593\">acc\u00e9der \u00e0 vos donn\u00e9es personnelles<\/li><li data-section-id=\"1l21kx3\" data-start=\"6594\" data-end=\"6635\">demander la correction de donn\u00e9es inexactes<\/li><li data-section-id=\"hs2cbb\" data-start=\"6636\" data-end=\"6682\">demander la suppression lorsque cela est l\u00e9galement permis<\/li><li data-section-id=\"et1x9n\" data-start=\"6683\" data-end=\"6715\">vous opposer \u00e0 certains traitements<\/li><li data-section-id=\"16o62c2\" data-start=\"6716\" data-end=\"6748\">retirer votre consentement \u00e0 tout moment<\/li><\/ul><p data-start=\"6750\" data-end=\"6802\">Les demandes peuvent \u00eatre adress\u00e9es \u00e0 :<br data-start=\"6779\" data-end=\"6782\"><a class=\"decorated-link cursor-pointer\" rel=\"noopener\" data-start=\"6782\" data-end=\"6800\">info@candysodas.ch<\/a><\/p><hr data-start=\"6804\" data-end=\"6807\"><h2 data-section-id=\"1w844a1\" data-start=\"6809\" data-end=\"6823\">13. Contact<\/h2><p data-start=\"6825\" data-end=\"6859\">Pour toute question relative \u00e0 la protection des donn\u00e9es :<\/p><p data-start=\"6861\" data-end=\"6936\"><strong data-start=\"6861\" data-end=\"6884\">Beer Shop Ben Ahmed<\/strong><br data-start=\"6884\" data-end=\"6887\">Bahnhofstrasse 44<br data-start=\"6904\" data-end=\"6907\">3400 Burgdorf<br data-start=\"6920\" data-end=\"6923\">Switzerland<\/p><p data-start=\"6938\" data-end=\"6965\">Email: <a class=\"decorated-link cursor-pointer\" rel=\"noopener\" data-start=\"6945\" data-end=\"6963\">info@candysodas.ch<\/a><\/p><hr data-start=\"6967\" data-end=\"6970\"><h2 data-section-id=\"px2pie\" data-start=\"6972\" data-end=\"7001\">14. Modifications de cette politique<\/h2><p data-start=\"7003\" data-end=\"7074\">Nous nous r\u00e9servons le droit de modifier cette Politique de confidentialit\u00e9 et de cookies \u00e0 tout moment.<\/p><p data-start=\"7076\" data-end=\"7126\">La version publi\u00e9e sur ce site web fait foi.<\/p><hr data-start=\"7128\" data-end=\"7131\"><h2 data-section-id=\"19nrfq5\" data-start=\"7133\" data-end=\"7156\">15. Google reCAPTCHA<\/h2><p data-start=\"7158\" data-end=\"7235\">Afin de prot\u00e9ger notre site web contre le spam et les abus, nous utilisons Google reCAPTCHA (v3).<\/p><p data-start=\"7237\" data-end=\"7322\">Ce service analyse le comportement des utilisateurs afin de distinguer les humains des robots automatis\u00e9s.<\/p><p data-start=\"7324\" data-end=\"7352\">Cela peut inclure le traitement de :<\/p><ul data-start=\"7354\" data-end=\"7413\"><li data-section-id=\"btxcx3\" data-start=\"7354\" data-end=\"7368\">adresse IP<\/li><li data-section-id=\"1nvnq0y\" data-start=\"7369\" data-end=\"7389\">donn\u00e9es d\u2019interaction<\/li><li data-section-id=\"120j7ag\" data-start=\"7390\" data-end=\"7413\">informations sur le navigateur<\/li><\/ul><p data-start=\"7415\" data-end=\"7530\">L\u2019utilisation de reCAPTCHA repose sur notre int\u00e9r\u00eat l\u00e9gitime (art. 31 DSG) visant \u00e0 garantir la s\u00e9curit\u00e9 de notre site web.<\/p><p data-start=\"7532\" data-end=\"7625\">Plus d\u2019informations :<br data-start=\"7549\" data-end=\"7552\"><a class=\"decorated-link\" href=\"https:\/\/policies.google.com\/privacy\" target=\"_new\" rel=\"noopener\" data-start=\"7552\" data-end=\"7587\">https:\/\/policies.google.com\/privacy<\/a><br data-start=\"7587\" data-end=\"7590\"><a class=\"decorated-link\" href=\"https:\/\/policies.google.com\/terms\" target=\"_new\" rel=\"noopener\" data-start=\"7590\" data-end=\"7623\">https:\/\/policies.google.com\/terms<\/a><\/p>\t\t\t\t\t\t\t\t<\/div>\n\t\t\t\t\t<\/div>\n\t\t\t\t<\/div>\n\t\t<div class=\"elementor-element elementor-element-5c9ca2d e-flex e-con-boxed e-con e-parent\" data-id=\"5c9ca2d\" data-element_type=\"container\" data-e-type=\"container\">\n\t\t\t\t\t<div class=\"e-con-inner\">\n\t\t\t\t<div class=\"elementor-element elementor-element-740dbcb elementor-widget elementor-widget-spacer\" data-id=\"740dbcb\" data-element_type=\"widget\" data-e-type=\"widget\" data-widget_type=\"spacer.default\">\n\t\t\t\t\t\t\t<div class=\"elementor-spacer\">\n\t\t\t<div class=\"elementor-spacer-inner\"><\/div>\n\t\t<\/div>\n\t\t\t\t\t\t<\/div>\n\t\t\t\t\t<\/div>\n\t\t\t\t<\/div>\n\t\t\t\t<\/div>\n\t\t","protected":false},"excerpt":{"rendered":"<p>\ud83d\udd10 POLITIQUE DE CONFIDENTIALIT\u00c9 &amp; COOKIES 1. Informations g\u00e9n\u00e9rales La protection de vos donn\u00e9es personnelles est d\u2019une importance particuli\u00e8re pour nous. Cette Politique de confidentialit\u00e9 et de cookies explique comment Beer Shop Ben Ahmed (UID : CHE-195.084.680, TVA : CHE-195.084.680 MWST), exploitant la boutique en ligne sous la marque CandySodas, collecte, traite et utilise les [&hellip;]<\/p>\n","protected":false},"author":1,"featured_media":0,"parent":0,"menu_order":0,"comment_status":"closed","ping_status":"closed","template":"","meta":{"footnotes":""},"class_list":["post-3769","page","type-page","status-publish","hentry"],"_links":{"self":[{"href":"https:\/\/candysodas.ch\/fr\/wp-json\/wp\/v2\/pages\/3769","targetHints":{"allow":["GET"]}}],"collection":[{"href":"https:\/\/candysodas.ch\/fr\/wp-json\/wp\/v2\/pages"}],"about":[{"href":"https:\/\/candysodas.ch\/fr\/wp-json\/wp\/v2\/types\/page"}],"author":[{"embeddable":true,"href":"https:\/\/candysodas.ch\/fr\/wp-json\/wp\/v2\/users\/1"}],"replies":[{"embeddable":true,"href":"https:\/\/candysodas.ch\/fr\/wp-json\/wp\/v2\/comments?post=3769"}],"version-history":[{"count":1,"href":"https:\/\/candysodas.ch\/fr\/wp-json\/wp\/v2\/pages\/3769\/revisions"}],"predecessor-version":[{"id":3770,"href":"https:\/\/candysodas.ch\/fr\/wp-json\/wp\/v2\/pages\/3769\/revisions\/3770"}],"wp:attachment":[{"href":"https:\/\/candysodas.ch\/fr\/wp-json\/wp\/v2\/media?parent=3769"}],"curies":[{"name":"wp","href":"https:\/\/api.w.org\/{rel}","templated":true}]}}