{"id":3905,"date":"2026-04-09T15:44:32","date_gmt":"2026-04-09T15:44:32","guid":{"rendered":"https:\/\/candysodas.ch\/mentions-legales\/"},"modified":"2026-04-20T23:53:26","modified_gmt":"2026-04-20T23:53:26","slug":"mentions-legales","status":"publish","type":"page","link":"https:\/\/candysodas.ch\/fr\/mentions-legales\/","title":{"rendered":"MENTIONS L\u00c9GALES"},"content":{"rendered":"\t\t<div data-elementor-type=\"wp-page\" data-elementor-id=\"3905\" class=\"elementor elementor-3905 elementor-1465\" data-elementor-post-type=\"page\">\n\t\t\t\t<div class=\"elementor-element elementor-element-21c64af e-flex e-con-boxed e-con e-parent\" data-id=\"21c64af\" data-element_type=\"container\" data-e-type=\"container\">\n\t\t\t\t\t<div class=\"e-con-inner\">\n\t\t\t\t\t<\/div>\n\t\t\t\t<\/div>\n\t\t<div class=\"elementor-element elementor-element-733f7ce3 e-flex e-con-boxed e-con e-parent\" data-id=\"733f7ce3\" data-element_type=\"container\" data-e-type=\"container\">\n\t\t\t\t\t<div class=\"e-con-inner\">\n\t\t\t\t<div class=\"elementor-element elementor-element-a204bee elementor-widget elementor-widget-spacer\" data-id=\"a204bee\" data-element_type=\"widget\" data-e-type=\"widget\" data-widget_type=\"spacer.default\">\n\t\t\t\t\t\t\t<div class=\"elementor-spacer\">\n\t\t\t<div class=\"elementor-spacer-inner\"><\/div>\n\t\t<\/div>\n\t\t\t\t\t\t<\/div>\n\t\t\t\t<div class=\"elementor-element elementor-element-61250c39 elementor-widget elementor-widget-text-editor\" data-id=\"61250c39\" data-element_type=\"widget\" data-e-type=\"widget\" data-widget_type=\"text-editor.default\">\n\t\t\t\t\t\t\t\t\t<h1 class=\"wp-block-heading\"><img decoding=\"async\" class=\"emoji\" role=\"img\" draggable=\"false\" src=\"https:\/\/s.w.org\/images\/core\/emoji\/17.0.2\/svg\/1f4c4.svg\" alt=\"\ud83d\udcc4\"> MENTIONS L\u00c9GALES<\/h1><h2 data-section-id=\"h2l9x9\" data-start=\"129\" data-end=\"166\">Informations conform\u00e9ment au droit suisse<\/h2><h3 data-section-id=\"1xmlo5j\" data-start=\"168\" data-end=\"180\">Fournisseur<\/h3><p data-start=\"182\" data-end=\"229\">Beer Shop Ben Ahmed<br data-start=\"205\" data-end=\"208\">(Sole Proprietorship)<\/p><p data-start=\"231\" data-end=\"288\">UID : CHE-195.084.680<br data-start=\"251\" data-end=\"254\">Num\u00e9ro de TVA : CHE-195.084.680 MWST<\/p><p data-start=\"290\" data-end=\"339\">Bahnhofstrasse 44<br data-start=\"307\" data-end=\"310\">3400 Burgdorf<br data-start=\"323\" data-end=\"326\">Switzerland<\/p><hr data-start=\"341\" data-end=\"344\"><h3 data-section-id=\"1o7i8w6\" data-start=\"346\" data-end=\"357\">Contact<\/h3><p data-start=\"359\" data-end=\"418\">E-mail : <a class=\"decorated-link cursor-pointer\" rel=\"noopener\" data-start=\"366\" data-end=\"384\">info@candysodas.ch\/fr<\/a><br data-start=\"384\" data-end=\"387\">Site web : <a class=\"decorated-link\" href=\"https:\/\/candysodas.ch\/fr\/\" target=\"_new\" rel=\"noopener\" data-start=\"396\" data-end=\"418\">https:\/\/candysodas.ch\/fr<\/a><\/p><hr data-start=\"420\" data-end=\"423\"><h3 data-section-id=\"9hn8y5\" data-start=\"425\" data-end=\"446\">Activit\u00e9 commerciale<\/h3><p data-start=\"448\" data-end=\"539\">Exploitation d\u2019une boutique en ligne de boissons et de confiseries sous la marque CandySodas.<\/p><hr data-start=\"541\" data-end=\"544\"><h3 data-section-id=\"1tc0joi\" data-start=\"546\" data-end=\"570\">Clause de non-responsabilit\u00e9<\/h3><p data-start=\"572\" data-end=\"749\">Le contenu de ce site web a \u00e9t\u00e9 \u00e9labor\u00e9 avec le plus grand soin. Toutefois, nous ne garantissons pas l\u2019exactitude, l\u2019exhaustivit\u00e9 ni l\u2019actualit\u00e9 des informations fournies. <\/p><p data-start=\"751\" data-end=\"897\">Dans la mesure permise par la loi, nous d\u00e9clinons toute responsabilit\u00e9 pour les dommages r\u00e9sultant de l\u2019utilisation de ce site web, sauf en cas de faute intentionnelle ou de n\u00e9gligence grave.<\/p><hr data-start=\"899\" data-end=\"902\"><h3 data-section-id=\"1yv2pcg\" data-start=\"904\" data-end=\"937\">Responsabilit\u00e9 concernant les liens externes<\/h3><p data-start=\"939\" data-end=\"1095\">Ce site web peut contenir des liens vers des sites web externes de tiers. Nous n\u2019avons aucune influence sur leur contenu et d\u00e9clinons par cons\u00e9quent toute responsabilit\u00e9 \u00e0 cet \u00e9gard. <\/p><p data-start=\"1097\" data-end=\"1193\">Le fournisseur ou l\u2019exploitant des pages li\u00e9es est toujours responsable de leur contenu.<\/p><hr data-start=\"1195\" data-end=\"1198\"><h3 data-section-id=\"du06xv\" data-start=\"1200\" data-end=\"1213\">Droit d\u2019auteur<\/h3><p data-start=\"1215\" data-end=\"1300\">Tous les contenus de ce site web (textes, images, graphiques, logos) sont prot\u00e9g\u00e9s par le droit d\u2019auteur.<\/p><p data-start=\"1302\" data-end=\"1455\">Toute reproduction, modification, distribution ou utilisation en dehors des limites du droit d\u2019auteur n\u00e9cessite l\u2019accord \u00e9crit pr\u00e9alable du titulaire des droits concern\u00e9.<\/p><hr data-start=\"1457\" data-end=\"1460\"><h3 data-section-id=\"o5p3it\" data-start=\"1462\" data-end=\"1481\">Protection des donn\u00e9es<\/h3><p data-start=\"1483\" data-end=\"1582\">Pour plus d\u2019informations sur le traitement des donn\u00e9es personnelles, veuillez consulter notre Politique de confidentialit\u00e9 et de cookies.<\/p><hr data-start=\"1584\" data-end=\"1587\"><h3 data-section-id=\"dacex3\" data-start=\"1616\" data-end=\"1645\">Inscription au registre du commerce<\/h3><p data-start=\"1647\" data-end=\"1685\">Inscrit sous : CH-036.1.075.802-4<\/p><hr data-start=\"1687\" data-end=\"1690\"><h2 data-section-id=\"gjfreb\" data-start=\"1692\" data-end=\"1718\">Responsable du contenu<\/h2><p data-start=\"1720\" data-end=\"1795\"><strong data-start=\"1720\" data-end=\"1743\">Beer Shop Ben Ahmed<\/strong><br data-start=\"1743\" data-end=\"1746\">Bahnhofstrasse 44<br data-start=\"1763\" data-end=\"1766\">3400 Burgdorf<br data-start=\"1779\" data-end=\"1782\">Switzerland<\/p>\t\t\t\t\t\t\t\t<\/div>\n\t\t\t\t\t<\/div>\n\t\t\t\t<\/div>\n\t\t<div class=\"elementor-element elementor-element-332bc81 e-flex e-con-boxed e-con e-parent\" data-id=\"332bc81\" data-element_type=\"container\" data-e-type=\"container\">\n\t\t\t\t\t<div class=\"e-con-inner\">\n\t\t\t\t<div class=\"elementor-element elementor-element-1bb1ccc elementor-widget elementor-widget-spacer\" data-id=\"1bb1ccc\" data-element_type=\"widget\" data-e-type=\"widget\" data-widget_type=\"spacer.default\">\n\t\t\t\t\t\t\t<div class=\"elementor-spacer\">\n\t\t\t<div class=\"elementor-spacer-inner\"><\/div>\n\t\t<\/div>\n\t\t\t\t\t\t<\/div>\n\t\t\t\t\t<\/div>\n\t\t\t\t<\/div>\n\t\t\t\t<\/div>\n\t\t","protected":false},"excerpt":{"rendered":"<p>MENTIONS L\u00c9GALES Informations conform\u00e9ment au droit suisse Fournisseur Beer Shop Ben Ahmed(Sole Proprietorship) UID : CHE-195.084.680Num\u00e9ro de TVA : CHE-195.084.680 MWST Bahnhofstrasse 443400 BurgdorfSwitzerland Contact E-mail : info@candysodas.ch\/frSite web : https:\/\/candysodas.ch\/fr Activit\u00e9 commerciale Exploitation d\u2019une boutique en ligne de boissons et de confiseries sous la marque CandySodas. Clause de non-responsabilit\u00e9 Le contenu de ce site [&hellip;]<\/p>\n","protected":false},"author":1,"featured_media":0,"parent":0,"menu_order":0,"comment_status":"closed","ping_status":"closed","template":"","meta":{"footnotes":""},"class_list":["post-3905","page","type-page","status-publish","hentry"],"_links":{"self":[{"href":"https:\/\/candysodas.ch\/fr\/wp-json\/wp\/v2\/pages\/3905","targetHints":{"allow":["GET"]}}],"collection":[{"href":"https:\/\/candysodas.ch\/fr\/wp-json\/wp\/v2\/pages"}],"about":[{"href":"https:\/\/candysodas.ch\/fr\/wp-json\/wp\/v2\/types\/page"}],"author":[{"embeddable":true,"href":"https:\/\/candysodas.ch\/fr\/wp-json\/wp\/v2\/users\/1"}],"replies":[{"embeddable":true,"href":"https:\/\/candysodas.ch\/fr\/wp-json\/wp\/v2\/comments?post=3905"}],"version-history":[{"count":1,"href":"https:\/\/candysodas.ch\/fr\/wp-json\/wp\/v2\/pages\/3905\/revisions"}],"predecessor-version":[{"id":3906,"href":"https:\/\/candysodas.ch\/fr\/wp-json\/wp\/v2\/pages\/3905\/revisions\/3906"}],"wp:attachment":[{"href":"https:\/\/candysodas.ch\/fr\/wp-json\/wp\/v2\/media?parent=3905"}],"curies":[{"name":"wp","href":"https:\/\/api.w.org\/{rel}","templated":true}]}}