{"id":1695,"date":"2026-04-05T23:57:27","date_gmt":"2026-04-05T23:57:27","guid":{"rendered":"https:\/\/candysodas.ch\/product\/salitos-ice-en-canette-500-ml\/"},"modified":"2026-04-05T23:57:27","modified_gmt":"2026-04-05T23:57:27","slug":"salitos-ice-en-canette-500-ml","status":"publish","type":"product","link":"https:\/\/candysodas.ch\/fr\/produit\/salitos-ice-en-canette-500-ml\/","title":{"rendered":"Salitos Ice en canette 500 ml"},"content":{"rendered":"<p>&lt;strong&gt;Pr\u00e9sentation du produit&lt;\/strong&gt;<\/p>\n<p>La Salitos Ice en canette offre la m\u00eame exp\u00e9rience de lager fra\u00eeche et d\u00e9salt\u00e9rante que la bouteille classique, d\u00e9sormais dans un format pratique de 500 ml. Brass\u00e9e pour sa douceur et son \u00e9quilibre, cette bi\u00e8re import\u00e9e premium offre un go\u00fbt pur et facile \u00e0 boire qui s\u00e9duit aussi bien les consommateurs occasionnels que les amateurs de bi\u00e8re.<\/p>\n<p>Avec son volume l\u00e9g\u00e8rement sup\u00e9rieur, elle est id\u00e9ale pour ceux qui veulent profiter davantage de leur bi\u00e8re pr\u00e9f\u00e9r\u00e9e en une seule fois. Le design audacieux et dynamique de la canette en fait \u00e9galement un choix de premier plan pour les soir\u00e9es, les rassemblements ou pour se rafra\u00eechir lors de tes d\u00e9placements.<\/p>\n<p>&lt;strong&gt;Caract\u00e9ristiques cl\u00e9s&lt;\/strong&gt;<\/p>\n<p>\u2022 Bi\u00e8re de type lager fra\u00eeche et d\u00e9salt\u00e9rante<br \/>\n\u2022 Saveur douce, pure et bien \u00e9quilibr\u00e9e<br \/>\n\u2022 Format canette pratique de 500 ml<br \/>\n\u2022 Facile \u00e0 boire et tr\u00e8s rafra\u00eechissante<br \/>\n\u2022 Id\u00e9ale pour les moments conviviaux et le plaisir d\u00e9contract\u00e9<\/p>\n<p>&lt;strong&gt;D\u00e9tails du produit&lt;\/strong&gt;<\/p>\n<p>\u2022 Marque : Salitos<br \/>\n\u2022 Type de boisson : Bi\u00e8re Lager<br \/>\n\u2022 Saveur : Classique \/ Lager l\u00e9g\u00e8re<br \/>\n\u2022 Teneur en alcool : Env. 5,2 % vol.<br \/>\n\u2022 Volume net : 500 ml<br \/>\n\u2022 Emballage : Canette<\/p>\n<p>\u00c0 d\u00e9guster bien frais pour un maximum de fra\u00eecheur.<\/p>\n","protected":false},"excerpt":{"rendered":"<p data-start=\"488\" data-end=\"636\">La Salitos Ice en canette est une lager premium fra\u00eeche et d\u00e9salt\u00e9rante au go\u00fbt pur et doux, d\u00e9sormais disponible en canette de 500 ml pour un plaisir prolong\u00e9.<\/p>\n","protected":false},"featured_media":1377,"comment_status":"open","ping_status":"closed","template":"","meta":[],"product_brand":[],"product_cat":[1042,1077],"product_tag":[1097,1096,1093,1082,1095,1078,1080,1092,1098,1094],"class_list":{"0":"post-1695","1":"product","2":"type-product","3":"status-publish","4":"has-post-thumbnail","6":"product_cat-boissons-alcoolisees","7":"product_cat-biere","8":"product_tag-biere-500-ml","9":"product_tag-biere-en-canette","10":"product_tag-biere-fraiche","11":"product_tag-biere-importee","12":"product_tag-biere-lager","13":"product_tag-biere-salitos","14":"product_tag-boisson-alcoolisee","15":"product_tag-ice-beer","16":"product_tag-lager-premium","17":"product_tag-salitos-ice-canette","19":"first","20":"instock","21":"shipping-taxable","22":"purchasable","23":"product-type-simple"},"_links":{"self":[{"href":"https:\/\/candysodas.ch\/fr\/wp-json\/wp\/v2\/product\/1695","targetHints":{"allow":["GET"]}}],"collection":[{"href":"https:\/\/candysodas.ch\/fr\/wp-json\/wp\/v2\/product"}],"about":[{"href":"https:\/\/candysodas.ch\/fr\/wp-json\/wp\/v2\/types\/product"}],"replies":[{"embeddable":true,"href":"https:\/\/candysodas.ch\/fr\/wp-json\/wp\/v2\/comments?post=1695"}],"wp:featuredmedia":[{"embeddable":true,"href":"https:\/\/candysodas.ch\/fr\/wp-json\/wp\/v2\/media\/1377"}],"wp:attachment":[{"href":"https:\/\/candysodas.ch\/fr\/wp-json\/wp\/v2\/media?parent=1695"}],"wp:term":[{"taxonomy":"product_brand","embeddable":true,"href":"https:\/\/candysodas.ch\/fr\/wp-json\/wp\/v2\/product_brand?post=1695"},{"taxonomy":"product_cat","embeddable":true,"href":"https:\/\/candysodas.ch\/fr\/wp-json\/wp\/v2\/product_cat?post=1695"},{"taxonomy":"product_tag","embeddable":true,"href":"https:\/\/candysodas.ch\/fr\/wp-json\/wp\/v2\/product_tag?post=1695"}],"curies":[{"name":"wp","href":"https:\/\/api.w.org\/{rel}","templated":true}]}}