{"id":1699,"date":"2026-03-16T16:31:02","date_gmt":"2026-03-16T16:31:02","guid":{"rendered":"https:\/\/candysodas.ch\/product\/sour-patch-kids-original-bonbons-tendres-moelleux-99-g\/"},"modified":"2026-03-16T16:31:02","modified_gmt":"2026-03-16T16:31:02","slug":"sour-patch-kids-original-bonbons-tendres-moelleux-99-g","status":"publish","type":"product","link":"https:\/\/candysodas.ch\/fr\/produit\/sour-patch-kids-original-bonbons-tendres-moelleux-99-g\/","title":{"rendered":"Sour Patch Kids Original Bonbons Tendres &amp; Moelleux 99 g"},"content":{"rendered":"<p><strong>Pr\u00e9sentation du produit<\/strong><\/p>\n<p>Les Sour Patch Kids Original Bonbons Tendres &amp; Moelleux offrent l&rsquo;exp\u00e9rience classique de bonbons acidul\u00e9s ador\u00e9e par des millions de personnes. Chaque bonbon g\u00e9lifi\u00e9 commence par un enrobage acidul\u00e9 avant de se transformer en une saveur fruit\u00e9e sucr\u00e9e.<\/p>\n<p>Les bonbons g\u00e9lifi\u00e9s color\u00e9s en forme d&rsquo;enfants offrent une texture tendre et moelleuse et de d\u00e9licieuses saveurs fruit\u00e9es qui les rendent parfaits pour grignoter \u00e0 tout moment.<\/p>\n<p>Que ce soit lors de soir\u00e9es cin\u00e9ma, partag\u00e9s entre amis ou d\u00e9gust\u00e9s comme une petite gourmandise rapide, les Sour Patch Kids offrent l&rsquo;\u00e9quilibre parfait entre acidul\u00e9 et sucr\u00e9.<\/p>\n<p><strong>Caract\u00e9ristiques principales<\/strong><\/p>\n<p>\u2022 C\u00e9l\u00e8bre exp\u00e9rience de bonbons acidul\u00e9s puis sucr\u00e9s<br \/>\n\u2022 Texture g\u00e9lifi\u00e9 tendre et moelleuse<br \/>\n\u2022 Saveurs fruit\u00e9es assorties<br \/>\n\u2022 Bonbons g\u00e9lifi\u00e9s color\u00e9s en forme d&rsquo;enfants<br \/>\n\u2022 Parfaits pour grignoter ou partager<\/p>\n<p><strong>D\u00e9tails du produit<\/strong><\/p>\n<p>Marque : Sour Patch Kids<br \/>\nType de produit : Bonbons g\u00e9lifi\u00e9s acidul\u00e9s<br \/>\nSaveur : Fruits assortis<br \/>\nPoids net : 99 g<br \/>\nTexture : Tendre &amp; Moelleux<\/p>\n<p><strong>Conservation<\/strong><\/p>\n<p>Conserve dans un endroit frais et sec, \u00e0 l&rsquo;abri de la lumi\u00e8re directe du soleil.<\/p>\n","protected":false},"excerpt":{"rendered":"<p>Les Sour Patch Kids Original offrent la saveur classique acidul\u00e9e puis sucr\u00e9e avec des bonbons g\u00e9lifi\u00e9s tendres et moelleux aux saveurs fruit\u00e9es.<\/p>\n","protected":false},"featured_media":569,"comment_status":"open","ping_status":"closed","template":"","meta":[],"product_brand":[],"product_cat":[1103,1104,1105],"product_tag":[1106,1110,1108,1109,1112,1111,1107],"class_list":{"0":"post-1699","1":"product","2":"type-product","3":"status-publish","4":"has-post-thumbnail","6":"product_cat-snacks","7":"product_cat-bonbons","8":"product_cat-bonbons-gelifies","9":"product_tag-bonbons-acidules","10":"product_tag-bonbons-acidules-puis-sucres","11":"product_tag-bonbons-gelifies-acidules","12":"product_tag-bonbons-gelifies-fruites","13":"product_tag-bonbons-gelifies-moelleux","14":"product_tag-bonbons-sour-patch-kids","15":"product_tag-sour-patch-kids","17":"first","18":"instock","19":"featured","20":"shipping-taxable","21":"purchasable","22":"product-type-simple"},"_links":{"self":[{"href":"https:\/\/candysodas.ch\/fr\/wp-json\/wp\/v2\/product\/1699","targetHints":{"allow":["GET"]}}],"collection":[{"href":"https:\/\/candysodas.ch\/fr\/wp-json\/wp\/v2\/product"}],"about":[{"href":"https:\/\/candysodas.ch\/fr\/wp-json\/wp\/v2\/types\/product"}],"replies":[{"embeddable":true,"href":"https:\/\/candysodas.ch\/fr\/wp-json\/wp\/v2\/comments?post=1699"}],"wp:featuredmedia":[{"embeddable":true,"href":"https:\/\/candysodas.ch\/fr\/wp-json\/wp\/v2\/media\/569"}],"wp:attachment":[{"href":"https:\/\/candysodas.ch\/fr\/wp-json\/wp\/v2\/media?parent=1699"}],"wp:term":[{"taxonomy":"product_brand","embeddable":true,"href":"https:\/\/candysodas.ch\/fr\/wp-json\/wp\/v2\/product_brand?post=1699"},{"taxonomy":"product_cat","embeddable":true,"href":"https:\/\/candysodas.ch\/fr\/wp-json\/wp\/v2\/product_cat?post=1699"},{"taxonomy":"product_tag","embeddable":true,"href":"https:\/\/candysodas.ch\/fr\/wp-json\/wp\/v2\/product_tag?post=1699"}],"curies":[{"name":"wp","href":"https:\/\/api.w.org\/{rel}","templated":true}]}}