{"id":1747,"date":"2026-04-06T00:16:22","date_gmt":"2026-04-06T00:16:22","guid":{"rendered":"https:\/\/candysodas.ch\/product\/smirnoff-ice-blue-raspberry-lemonade-250-ml\/"},"modified":"2026-04-06T00:16:22","modified_gmt":"2026-04-06T00:16:22","slug":"smirnoff-ice-blue-raspberry-lemonade-250-ml","status":"publish","type":"product","link":"https:\/\/candysodas.ch\/fr\/produit\/smirnoff-ice-blue-raspberry-lemonade-250-ml\/","title":{"rendered":"Smirnoff Ice Blue Raspberry Lemonade 250 ml"},"content":{"rendered":"<p>&lt;strong&gt;Aper\u00e7u du produit&lt;\/strong&gt;<\/p>\n<p>Smirnoff Ice Blue Raspberry Lemonade est une boisson pr\u00eate \u00e0 boire audacieuse et rafra\u00eechissante qui m\u00e9lange le go\u00fbt sucr\u00e9 et l\u00e9g\u00e8rement acidul\u00e9 de la framboise bleue avec le zeste vif de la limonade. Cette combinaison vibrante offre une boisson douce, l\u00e9g\u00e8rement p\u00e9tillante avec une finale rafra\u00eechissante.<\/p>\n<p>Con\u00e7ue avec la qualit\u00e9 signature de Smirnoff, cette boisson est parfaite pour ceux qui aiment les boissons fruit\u00e9es, attrayantes et au profil de saveur unique. Id\u00e9ale pour les f\u00eates, les rassemblements ou les moments de d\u00e9tente, elle offre une touche amusante aux boissons classiques \u00e0 la limonade.<\/p>\n<p>&lt;strong&gt;Caract\u00e9ristiques principales&lt;\/strong&gt;<\/p>\n<p>\u2022 Combinaison de saveurs de framboise bleue sucr\u00e9e et de limonade acidul\u00e9e<br \/>\n\u2022 Go\u00fbt l\u00e9ger, vif et rafra\u00eechissant<br \/>\n\u2022 Doux et facile \u00e0 boire<br \/>\n\u2022 Format canette mince pratique<br \/>\n\u2022 Id\u00e9al pour les f\u00eates, les rassemblements et les moments de d\u00e9tente<\/p>\n<p>&lt;strong&gt;D\u00e9tails du produit&lt;\/strong&gt;<\/p>\n<p>\u2022 Marque : Smirnoff<br \/>\n\u2022 Type de boisson : Boisson alcoolis\u00e9e aromatis\u00e9e (RTD)<br \/>\n\u2022 Saveur : Framboise bleue et limonade<br \/>\n\u2022 Teneur en alcool : Env. 4,5 % ABV<br \/>\n\u2022 Volume net : 250 ml<br \/>\n\u2022 Emballage : Canette<\/p>\n<p>\u00c0 servir tr\u00e8s frais pour un maximum de rafra\u00eechissement.<\/p>\n","protected":false},"excerpt":{"rendered":"<p data-start=\"640\" data-end=\"801\">Smirnoff Ice Blue Raspberry Lemonade est une boisson rafra\u00eechissante pr\u00eate \u00e0 boire combinant la saveur de framboise bleue sucr\u00e9e avec une limonade acidul\u00e9e pour un go\u00fbt fruit\u00e9 audacieux.<\/p>\n","protected":false},"featured_media":1402,"comment_status":"open","ping_status":"closed","template":"","meta":[],"product_brand":[],"product_cat":[1042,1043],"product_tag":[1233,1046,1191,1048,1047,1045,1234,1235,1044,1232],"class_list":{"0":"post-1747","1":"product","2":"type-product","3":"status-publish","4":"has-post-thumbnail","6":"product_cat-boissons-alcoolisees","7":"product_cat-boissons-alcoolisees-aromatisees","8":"product_tag-boisson-a-la-framboise-bleue","9":"product_tag-boisson-alcoolisee-a-la-citronnade","10":"product_tag-boisson-alcoolisee-aromatisee","11":"product_tag-boisson-alcoolisee-rafraichissante","12":"product_tag-cocktail-en-canette","13":"product_tag-cocktail-pret-a-boire","14":"product_tag-limonade-alcoolisee-a-la-framboise","15":"product_tag-smirnoff-framboise","16":"product_tag-smirnoff-ice","17":"product_tag-smirnoff-ice-blue-raspberry-lemonade","19":"first","20":"instock","21":"shipping-taxable","22":"purchasable","23":"product-type-simple"},"_links":{"self":[{"href":"https:\/\/candysodas.ch\/fr\/wp-json\/wp\/v2\/product\/1747","targetHints":{"allow":["GET"]}}],"collection":[{"href":"https:\/\/candysodas.ch\/fr\/wp-json\/wp\/v2\/product"}],"about":[{"href":"https:\/\/candysodas.ch\/fr\/wp-json\/wp\/v2\/types\/product"}],"replies":[{"embeddable":true,"href":"https:\/\/candysodas.ch\/fr\/wp-json\/wp\/v2\/comments?post=1747"}],"wp:featuredmedia":[{"embeddable":true,"href":"https:\/\/candysodas.ch\/fr\/wp-json\/wp\/v2\/media\/1402"}],"wp:attachment":[{"href":"https:\/\/candysodas.ch\/fr\/wp-json\/wp\/v2\/media?parent=1747"}],"wp:term":[{"taxonomy":"product_brand","embeddable":true,"href":"https:\/\/candysodas.ch\/fr\/wp-json\/wp\/v2\/product_brand?post=1747"},{"taxonomy":"product_cat","embeddable":true,"href":"https:\/\/candysodas.ch\/fr\/wp-json\/wp\/v2\/product_cat?post=1747"},{"taxonomy":"product_tag","embeddable":true,"href":"https:\/\/candysodas.ch\/fr\/wp-json\/wp\/v2\/product_tag?post=1747"}],"curies":[{"name":"wp","href":"https:\/\/api.w.org\/{rel}","templated":true}]}}