{"id":1823,"date":"2026-03-16T15:46:12","date_gmt":"2026-03-16T15:46:12","guid":{"rendered":"https:\/\/candysodas.ch\/product\/creme-de-guimauve-a-la-fraise-fluff-213-g\/"},"modified":"2026-03-16T15:46:12","modified_gmt":"2026-03-16T15:46:12","slug":"creme-de-guimauve-a-la-fraise-fluff-213-g","status":"publish","type":"product","link":"https:\/\/candysodas.ch\/fr\/produit\/creme-de-guimauve-a-la-fraise-fluff-213-g\/","title":{"rendered":"Cr\u00e8me de guimauve \u00e0 la fraise Fluff 213 g"},"content":{"rendered":"<p><strong>Pr\u00e9sentation du produit<\/strong><\/p>\n<p>La cr\u00e8me de guimauve \u00e0 la fraise Fluff est une p\u00e2te \u00e0 tartiner guimauve douce et a\u00e9rienne avec une d\u00e9licieuse saveur de fraise. Connue pour sa texture l\u00e9g\u00e8re et a\u00e9rienne, cette cr\u00e8me de guimauve am\u00e9ricaine classique ajoute une touche fruit\u00e9e \u00e0 la p\u00e2te \u00e0 tartiner guimauve traditionnelle.<\/p>\n<p>Parfaite pour les sandwichs, les desserts, la p\u00e2tisserie ou les collations cr\u00e9atives, cette cr\u00e8me de guimauve \u00e0 la fraise peut \u00eatre utilis\u00e9e sur du pain grill\u00e9, des pancakes, des gaufres et des desserts. Elle est aussi id\u00e9ale pour r\u00e9aliser le c\u00e9l\u00e8bre sandwich beurre de cacahu\u00e8te et Fluff avec une touche fruit\u00e9e.<\/p>\n<p>Sa texture onctueuse la rend facile \u00e0 \u00e9taler et parfaite pour ajouter de la douceur et de la saveur \u00e0 une grande vari\u00e9t\u00e9 de friandises.<\/p>\n<p><strong>Caract\u00e9ristiques principales<\/strong><\/p>\n<p>\u2022 P\u00e2te \u00e0 tartiner guimauve sucr\u00e9e \u00e0 la fraise<br \/>\n\u2022 Texture l\u00e9g\u00e8re, onctueuse et a\u00e9rienne<br \/>\n\u2022 Parfaite pour les desserts, la p\u00e2tisserie et les sandwichs<br \/>\n\u2022 Cr\u00e8me de guimauve am\u00e9ricaine classique au go\u00fbt fruit\u00e9<br \/>\n\u2022 Pot pratique refermable <\/p>\n<p><strong>D\u00e9tails du produit<\/strong><\/p>\n<p>Marque : Marshmallow Fluff<br \/>\nType de produit : P\u00e2te \u00e0 tartiner guimauve<br \/>\nSaveur : Fraise<br \/>\nPoids net : 213 g<br \/>\nEmballage : Pot <\/p>\n<p><strong>Ingr\u00e9dients<\/strong><\/p>\n<p>Sirop de ma\u00efs, sucre, blancs d\u2019\u0153ufs s\u00e9ch\u00e9s, ar\u00f4me artificiel de fraise, colorant ajout\u00e9.<\/p>\n<p><strong>Conservation<\/strong><\/p>\n<p>Conserver dans un endroit frais et sec.<\/p>\n<p><strong>Parfait pour<\/strong><\/p>\n<p>\u2022 Garnitures de desserts sucr\u00e9es<br \/>\n\u2022 Sandwichs beurre de cacahu\u00e8te et Fluff<br \/>\n\u2022 Pancakes et gaufres<br \/>\n\u2022 P\u00e2tisserie et collations sucr\u00e9es<\/p>\n","protected":false},"excerpt":{"rendered":"<p>La cr\u00e8me de guimauve \u00e0 la fraise Fluff est une p\u00e2te \u00e0 tartiner guimauve l\u00e9g\u00e8re et a\u00e9rienne au bon go\u00fbt de fraise, parfaite pour les sandwichs, les desserts et la p\u00e2tisserie.<\/p>\n","protected":false},"featured_media":529,"comment_status":"open","ping_status":"closed","template":"","meta":[],"product_brand":[],"product_cat":[1103],"product_tag":[1409,1406,1407,1410,1408,1405],"class_list":{"0":"post-1823","1":"product","2":"type-product","3":"status-publish","4":"has-post-thumbnail","6":"product_cat-snacks","7":"product_tag-creme-de-guimauve-americaine","8":"product_tag-creme-de-guimauve-fraise","9":"product_tag-creme-de-guimauve-fraise-fluff","10":"product_tag-pate-a-tartiner-fraise-fluff","11":"product_tag-pate-a-tartiner-guimauve-fraise","12":"product_tag-pate-a-tartiner-guimauve-sucree","14":"first","15":"instock","16":"shipping-taxable","17":"purchasable","18":"product-type-simple"},"_links":{"self":[{"href":"https:\/\/candysodas.ch\/fr\/wp-json\/wp\/v2\/product\/1823","targetHints":{"allow":["GET"]}}],"collection":[{"href":"https:\/\/candysodas.ch\/fr\/wp-json\/wp\/v2\/product"}],"about":[{"href":"https:\/\/candysodas.ch\/fr\/wp-json\/wp\/v2\/types\/product"}],"replies":[{"embeddable":true,"href":"https:\/\/candysodas.ch\/fr\/wp-json\/wp\/v2\/comments?post=1823"}],"wp:featuredmedia":[{"embeddable":true,"href":"https:\/\/candysodas.ch\/fr\/wp-json\/wp\/v2\/media\/529"}],"wp:attachment":[{"href":"https:\/\/candysodas.ch\/fr\/wp-json\/wp\/v2\/media?parent=1823"}],"wp:term":[{"taxonomy":"product_brand","embeddable":true,"href":"https:\/\/candysodas.ch\/fr\/wp-json\/wp\/v2\/product_brand?post=1823"},{"taxonomy":"product_cat","embeddable":true,"href":"https:\/\/candysodas.ch\/fr\/wp-json\/wp\/v2\/product_cat?post=1823"},{"taxonomy":"product_tag","embeddable":true,"href":"https:\/\/candysodas.ch\/fr\/wp-json\/wp\/v2\/product_tag?post=1823"}],"curies":[{"name":"wp","href":"https:\/\/api.w.org\/{rel}","templated":true}]}}