{"id":2143,"date":"2026-03-10T22:03:45","date_gmt":"2026-03-10T22:03:45","guid":{"rendered":"https:\/\/candysodas.ch\/product\/aw-root-beer-zero-sucre-soda-root-beer-sans-sucre-canette-355-ml\/"},"modified":"2026-03-10T22:03:45","modified_gmt":"2026-03-10T22:03:45","slug":"aw-root-beer-zero-sucre-soda-root-beer-sans-sucre-canette-355-ml","status":"publish","type":"product","link":"https:\/\/candysodas.ch\/fr\/produit\/aw-root-beer-zero-sucre-soda-root-beer-sans-sucre-canette-355-ml\/","title":{"rendered":"A&amp;W Root Beer z\u00e9ro sucre \u2013 Soda root beer sans sucre, canette 355 ml"},"content":{"rendered":"<p><strong>Pr\u00e9sentation du produit<\/strong><\/p>\n<p>A&amp;W Root Beer z\u00e9ro sucre offre le go\u00fbt root beer cr\u00e9meux classique que tu adores, sans le sucre. Ce soda rafra\u00eechissant reprend le m\u00e9lange signature A&amp;W de vanille, d\u2019\u00e9pices et de riches ar\u00f4mes de root beer, pour la m\u00eame exp\u00e9rience douce et satisfaisante que la version originale, mais avec z\u00e9ro sucre.<\/p>\n<p>R\u00e9put\u00e9e pour son go\u00fbt doux et cr\u00e9meux, A&amp;W Root Beer est un soda nord-am\u00e9ricain culte depuis des g\u00e9n\u00e9rations. La version z\u00e9ro sucre conserve la saveur iconique tout en offrant une option plus l\u00e9g\u00e8re \u00e0 celles et ceux qui pr\u00e9f\u00e8rent les boissons sans sucre.<\/p>\n<p>Servie bien glac\u00e9e, A&amp;W Root Beer z\u00e9ro sucre est parfaite au quotidien, avec les repas, ou pour cr\u00e9er des root beer floats classiques avec de la glace sans sucre.<\/p>\n<p><strong>Caract\u00e9ristiques principales<\/strong><\/p>\n<p>\u2022 Saveur root beer A&amp;W classique sans sucre<br \/>\n\u2022 Go\u00fbt doux et cr\u00e9meux avec des notes de vanille<br \/>\n\u2022 Z\u00e9ro sucre et bulles rafra\u00eechissantes<br \/>\n\u2022 Soda nord-am\u00e9ricain populaire<br \/>\n\u2022 Parfait pour des root beer floats sans sucre<\/p>\n<p><strong>D\u00e9tails du produit<\/strong><\/p>\n<p>Marque : A&amp;W<br \/>\nSaveur : Root Beer<br \/>\nType de boisson : Soda gazeux (z\u00e9ro sucre)<br \/>\nFormat : 355 ml<br \/>\nEmballage : Canette en aluminium<br \/>\nPays d\u2019origine : \u00c9tats-Unis \/ Canada<\/p>\n<p><strong>Conservation<\/strong><\/p>\n<p>\u00c0 conserver dans un endroit frais et sec. \u00c0 servir bien frais pour une exp\u00e9rience gustative des plus rafra\u00eechissantes.<\/p>\n<p><strong>Parfait pour<\/strong><\/p>\n<p>\u2022 Fans de root beer \u00e0 la recherche d\u2019une option sans sucre<br \/>\n\u2022 Amateurs de soda am\u00e9ricain classique<br \/>\n\u2022 Root beer floats sans sucre<br \/>\n\u2022 F\u00eates et rassemblements<\/p>\n","protected":false},"excerpt":{"rendered":"<p>A&amp;W Root Beer z\u00e9ro sucre offre la saveur root beer cr\u00e9meuse classique, avec de douces notes de vanille et des bulles rafra\u00eechissantes, le tout sans sucre.<\/p>\n","protected":false},"featured_media":179,"comment_status":"open","ping_status":"closed","template":"","meta":[],"product_brand":[],"product_cat":[1809,1808],"product_tag":[2111,2110,2112,2114,2005,1930,2115,2113],"class_list":{"0":"post-2143","1":"product","2":"type-product","3":"status-publish","4":"has-post-thumbnail","6":"product_cat-boissons","7":"product_cat-boissons-non-alcoolisees","8":"product_tag-aw-root-beer","9":"product_tag-root-beer","10":"product_tag-root-beer-float","11":"product_tag-root-beer-zero-sucre","12":"product_tag-soda-americain","13":"product_tag-soda-importe","14":"product_tag-soda-light","15":"product_tag-soda-sans-sucre-2","17":"first","18":"instock","19":"shipping-taxable","20":"purchasable","21":"product-type-simple"},"_links":{"self":[{"href":"https:\/\/candysodas.ch\/fr\/wp-json\/wp\/v2\/product\/2143","targetHints":{"allow":["GET"]}}],"collection":[{"href":"https:\/\/candysodas.ch\/fr\/wp-json\/wp\/v2\/product"}],"about":[{"href":"https:\/\/candysodas.ch\/fr\/wp-json\/wp\/v2\/types\/product"}],"replies":[{"embeddable":true,"href":"https:\/\/candysodas.ch\/fr\/wp-json\/wp\/v2\/comments?post=2143"}],"wp:featuredmedia":[{"embeddable":true,"href":"https:\/\/candysodas.ch\/fr\/wp-json\/wp\/v2\/media\/179"}],"wp:attachment":[{"href":"https:\/\/candysodas.ch\/fr\/wp-json\/wp\/v2\/media?parent=2143"}],"wp:term":[{"taxonomy":"product_brand","embeddable":true,"href":"https:\/\/candysodas.ch\/fr\/wp-json\/wp\/v2\/product_brand?post=2143"},{"taxonomy":"product_cat","embeddable":true,"href":"https:\/\/candysodas.ch\/fr\/wp-json\/wp\/v2\/product_cat?post=2143"},{"taxonomy":"product_tag","embeddable":true,"href":"https:\/\/candysodas.ch\/fr\/wp-json\/wp\/v2\/product_tag?post=2143"}],"curies":[{"name":"wp","href":"https:\/\/api.w.org\/{rel}","templated":true}]}}