{"id":2177,"date":"2026-03-10T22:41:44","date_gmt":"2026-03-10T22:41:44","guid":{"rendered":"https:\/\/candysodas.ch\/product\/diet-dr-pepper-canette-355-ml\/"},"modified":"2026-03-10T22:41:44","modified_gmt":"2026-03-10T22:41:44","slug":"diet-dr-pepper-canette-355-ml","status":"publish","type":"product","link":"https:\/\/candysodas.ch\/fr\/produit\/diet-dr-pepper-canette-355-ml\/","title":{"rendered":"Diet Dr Pepper Canette 355 ml"},"content":{"rendered":"<p><strong>Pr\u00e9sentation du produit<\/strong><\/p>\n<p>Diet Dr Pepper offre le go\u00fbt signature de Dr Pepper avec z\u00e9ro sucre et moins de calories. Connu pour sa saveur distinctive issue d&rsquo;un m\u00e9lange unique de 23 saveurs, ce soda offre le m\u00eame go\u00fbt audacieux et rafra\u00eechissant que l&rsquo;original tout en proposant une alternative plus l\u00e9g\u00e8re.<\/p>\n<p>Contrairement aux sodas light traditionnels, Diet Dr Pepper conserve le profil de saveur riche et complexe que les fans de Dr Pepper adorent. L&rsquo;\u00e9quilibre des notes fruit\u00e9es, \u00e9pic\u00e9es et sucr\u00e9es cr\u00e9e une boisson rafra\u00eechissante qui se d\u00e9marque parmi les boissons light.<\/p>\n<p>Servi frais, Diet Dr Pepper est parfait pour profiter \u00e0 tout moment de l&rsquo;exp\u00e9rience Dr Pepper classique avec z\u00e9ro sucre.<\/p>\n<p><strong>Caract\u00e9ristiques principales<\/strong><\/p>\n<p>\u2022 M\u00e9lange signature Dr Pepper de 23 saveurs<br \/>\n\u2022 Boisson gazeuse z\u00e9ro sucre<br \/>\n\u2022 Go\u00fbt audacieux et rafra\u00eechissant<br \/>\n\u2022 Boisson gazeuse onctueuse<br \/>\n\u2022 Option soda light populaire<\/p>\n<p><strong>D\u00e9tails du produit<\/strong><\/p>\n<p>Marque : Dr Pepper<br \/>\nSaveur : Original (M\u00e9lange de 23 saveurs)<br \/>\nType de boisson : Soda gaz\u00e9ifi\u00e9 (Light)<br \/>\nTaille de canette : 355 ml<br \/>\nEmballage : Canette aluminium<br \/>\nPays d&rsquo;origine : \u00c9tats-Unis<\/p>\n<p><strong>Conservation<\/strong><\/p>\n<p>\u00c0 conserver dans un endroit frais et sec. \u00c0 servir bien frais pour une exp\u00e9rience gustative des plus rafra\u00eechissantes.<\/p>\n<p><strong>Parfait pour<\/strong><\/p>\n<p>\u2022 Fans de soda Dr Pepper<br \/>\n\u2022 Amateurs de boissons sans sucre<br \/>\n\u2022 Rafra\u00eechissement quotidien<br \/>\n\u2022 F\u00eates et rassemblements<\/p>\n","protected":false},"excerpt":{"rendered":"<p>Diet Dr Pepper est un soda z\u00e9ro sucre avec l&#8217;embl\u00e9matique m\u00e9lange de 23 saveurs qui offre le go\u00fbt classique de Dr Pepper avec moins de calories.<\/p>\n","protected":false},"featured_media":206,"comment_status":"open","ping_status":"closed","template":"","meta":[],"product_brand":[],"product_cat":[1809,1808],"product_tag":[2185,2179,2186,2005,1930,2115,2184],"class_list":{"0":"post-2177","1":"product","2":"type-product","3":"status-publish","4":"has-post-thumbnail","6":"product_cat-boissons","7":"product_cat-boissons-non-alcoolisees","8":"product_tag-diet-dr-pepper","9":"product_tag-dr-pepper","10":"product_tag-dr-pepper-light","11":"product_tag-soda-americain","12":"product_tag-soda-importe","13":"product_tag-soda-light","14":"product_tag-soda-zero-sucre","16":"first","17":"instock","18":"shipping-taxable","19":"purchasable","20":"product-type-simple"},"_links":{"self":[{"href":"https:\/\/candysodas.ch\/fr\/wp-json\/wp\/v2\/product\/2177","targetHints":{"allow":["GET"]}}],"collection":[{"href":"https:\/\/candysodas.ch\/fr\/wp-json\/wp\/v2\/product"}],"about":[{"href":"https:\/\/candysodas.ch\/fr\/wp-json\/wp\/v2\/types\/product"}],"replies":[{"embeddable":true,"href":"https:\/\/candysodas.ch\/fr\/wp-json\/wp\/v2\/comments?post=2177"}],"wp:featuredmedia":[{"embeddable":true,"href":"https:\/\/candysodas.ch\/fr\/wp-json\/wp\/v2\/media\/206"}],"wp:attachment":[{"href":"https:\/\/candysodas.ch\/fr\/wp-json\/wp\/v2\/media?parent=2177"}],"wp:term":[{"taxonomy":"product_brand","embeddable":true,"href":"https:\/\/candysodas.ch\/fr\/wp-json\/wp\/v2\/product_brand?post=2177"},{"taxonomy":"product_cat","embeddable":true,"href":"https:\/\/candysodas.ch\/fr\/wp-json\/wp\/v2\/product_cat?post=2177"},{"taxonomy":"product_tag","embeddable":true,"href":"https:\/\/candysodas.ch\/fr\/wp-json\/wp\/v2\/product_tag?post=2177"}],"curies":[{"name":"wp","href":"https:\/\/api.w.org\/{rel}","templated":true}]}}