{"id":2257,"date":"2026-03-10T11:38:06","date_gmt":"2026-03-10T11:38:06","guid":{"rendered":"https:\/\/candysodas.ch\/product\/bundaberg-blood-orange-brew-soda-artisanale-375-ml\/"},"modified":"2026-03-10T11:38:06","modified_gmt":"2026-03-10T11:38:06","slug":"bundaberg-blood-orange-brew-soda-artisanale-375-ml","status":"publish","type":"product","link":"https:\/\/candysodas.ch\/fr\/produit\/bundaberg-blood-orange-brew-soda-artisanale-375-ml\/","title":{"rendered":"Bundaberg Blood Orange Brew \u2013 Soda artisanale 375 ml"},"content":{"rendered":"<p><strong>Pr\u00e9sentation du produit<\/strong><\/p>\n<p>Bundaberg Blood Orange Brew est un soda artisanal australien premium, \u00e9labor\u00e9 avec de vraies oranges sanguines et brass\u00e9 selon des m\u00e9thodes traditionnelles pour d\u00e9velopper une saveur riche et rafra\u00eechissante. R\u00e9put\u00e9e pour son go\u00fbt d\u2019agrumes \u00e9clatant, cette boisson rafra\u00eechissante offre un \u00e9quilibre parfait entre douceur et peps, avec la saveur unique de l\u2019orange sanguine.<\/p>\n<p>Contrairement aux sodas classiques, les craft brews Bundaberg sont brass\u00e9s avec soin pendant plusieurs jours afin d\u2019extraire des ar\u00f4mes naturels et de cr\u00e9er un go\u00fbt plus rond et plus authentique. R\u00e9sultat : un soda aux agrumes intense, avec une finale douce, qui se d\u00e9marque des boissons gazeuses standard.<\/p>\n<p>Conditionn\u00e9 dans la bouteille en verre iconique de Bundaberg, ce soda rafra\u00eechissant est parfait \u00e0 d\u00e9guster bien frais quand il fait chaud, \u00e0 servir lors de soir\u00e9es, ou \u00e0 accompagner de snacks et de desserts.<\/p>\n<p><strong>Caract\u00e9ristiques principales<\/strong><\/p>\n<p>\u2022 Brass\u00e9 artisanalement pendant plusieurs jours pour plus de profondeur<br \/>\n\u2022 \u00c0 base de vraies oranges sanguines<br \/>\n\u2022 Go\u00fbt d\u2019agrumes intense avec une touche acidul\u00e9e rafra\u00eechissante<br \/>\n\u2022 Soda australien premium import\u00e9<br \/>\n\u2022 Bouteille en verre iconique Bundaberg<\/p>\n<p><strong>D\u00e9tails du produit<\/strong><\/p>\n<p>Marque : Bundaberg<br \/>\nSaveur : Orange sanguine<br \/>\nContenance : 375 ml<br \/>\nEmballage : Bouteille en verre<br \/>\nPays d\u2019origine : Australie<\/p>\n<p><strong>Conservation<\/strong><\/p>\n<p>\u00c0 conserver dans un endroit frais et sec. \u00c0 servir bien frais. Pour une exp\u00e9rience de saveur optimale, retourne doucement la bouteille avant ouverture afin de m\u00e9langer les ingr\u00e9dients brass\u00e9s.<\/p>\n<p><strong>Parfait pour<\/strong><\/p>\n<p>\u2022 Boissons d\u2019\u00e9t\u00e9 rafra\u00eechissantes<br \/>\n\u2022 F\u00eates et soir\u00e9es<br \/>\n\u2022 Fans de sodas aux agrumes<br \/>\n\u2022 Une alternative premium aux sodas classiques<\/p>\n","protected":false},"excerpt":{"rendered":"<p data-start=\"1515\" data-end=\"1696\">Un soda artisanal rafra\u00eechissant, brass\u00e9 avec de vraies oranges sanguines. Bundaberg Blood Orange Brew offre une saveur d\u2019agrumes intense, avec l\u2019\u00e9quilibre parfait entre douceur et peps.<\/p>\n","protected":false},"featured_media":119,"comment_status":"open","ping_status":"closed","template":"","meta":[],"product_brand":[],"product_cat":[1809,1808],"product_tag":[2269,2284,2296,2285,2286,2226,1930,1838],"class_list":{"0":"post-2257","1":"product","2":"type-product","3":"status-publish","4":"has-post-thumbnail","6":"product_cat-boissons","7":"product_cat-boissons-non-alcoolisees","8":"product_tag-boisson-gazeuse-premium","9":"product_tag-bundaberg","10":"product_tag-orange-sanguine","11":"product_tag-soda-artisanal","12":"product_tag-soda-australien","13":"product_tag-soda-aux-agrumes","14":"product_tag-soda-importe","15":"product_tag-upsell-soda","17":"first","18":"instock","19":"featured","20":"shipping-taxable","21":"purchasable","22":"product-type-simple"},"_links":{"self":[{"href":"https:\/\/candysodas.ch\/fr\/wp-json\/wp\/v2\/product\/2257","targetHints":{"allow":["GET"]}}],"collection":[{"href":"https:\/\/candysodas.ch\/fr\/wp-json\/wp\/v2\/product"}],"about":[{"href":"https:\/\/candysodas.ch\/fr\/wp-json\/wp\/v2\/types\/product"}],"replies":[{"embeddable":true,"href":"https:\/\/candysodas.ch\/fr\/wp-json\/wp\/v2\/comments?post=2257"}],"wp:featuredmedia":[{"embeddable":true,"href":"https:\/\/candysodas.ch\/fr\/wp-json\/wp\/v2\/media\/119"}],"wp:attachment":[{"href":"https:\/\/candysodas.ch\/fr\/wp-json\/wp\/v2\/media?parent=2257"}],"wp:term":[{"taxonomy":"product_brand","embeddable":true,"href":"https:\/\/candysodas.ch\/fr\/wp-json\/wp\/v2\/product_brand?post=2257"},{"taxonomy":"product_cat","embeddable":true,"href":"https:\/\/candysodas.ch\/fr\/wp-json\/wp\/v2\/product_cat?post=2257"},{"taxonomy":"product_tag","embeddable":true,"href":"https:\/\/candysodas.ch\/fr\/wp-json\/wp\/v2\/product_tag?post=2257"}],"curies":[{"name":"wp","href":"https:\/\/api.w.org\/{rel}","templated":true}]}}