{"id":2295,"date":"2026-03-11T00:02:57","date_gmt":"2026-03-11T00:02:57","guid":{"rendered":"https:\/\/candysodas.ch\/product\/monster-energy-ultra-peachy-keen-sans-sucres-canette-de-473-ml\/"},"modified":"2026-03-11T00:02:57","modified_gmt":"2026-03-11T00:02:57","slug":"monster-energy-ultra-peachy-keen-sans-sucres-canette-de-473-ml","status":"publish","type":"product","link":"https:\/\/candysodas.ch\/fr\/produit\/monster-energy-ultra-peachy-keen-sans-sucres-canette-de-473-ml\/","title":{"rendered":"Monster Energy Ultra Peachy Keen sans sucres, canette de 473 ml"},"content":{"rendered":"<p><strong>Pr\u00e9sentation du produit<\/strong><\/p>\n<p>Monster Energy Ultra Peachy Keen sans sucres offre le go\u00fbt juteux des p\u00eaches m\u00fbres avec le boost d\u2019\u00e9nergie rafra\u00eechissant qui fait la renomm\u00e9e de Monster. Issue de la gamme Monster Ultra, cette boisson offre une saveur intense sans sucres, avec une finale douce et vive. <\/p>\n<p>Ultra Peachy Keen propose une saveur de p\u00eache vive et sucr\u00e9e avec une l\u00e9g\u00e8re carbonatation qui la rend rafra\u00eechissante et facile \u00e0 boire. Inspir\u00e9e par l\u2019ambiance d\u00e9contract\u00e9e des \u00e9t\u00e9s classiques de Californie, cette boisson \u00e9nergisante offre un go\u00fbt \u00e9quilibr\u00e9, fruit\u00e9 sans \u00eatre trop sucr\u00e9. <\/p>\n<p>Avec le m\u00e9lange \u00e9nerg\u00e9tique signature de Monster et sa formule sans sucres, Ultra Peachy Keen est parfaite pour ceux qui recherchent une excellente saveur avec moins de calories.<\/p>\n<p><strong>Caract\u00e9ristiques principales<\/strong><\/p>\n<p>\u2022 Boisson \u00e9nergisante \u00e0 la p\u00eache sans sucres<br \/>\n\u2022 Fait partie de la s\u00e9rie Monster Ultra<br \/>\n\u2022 Go\u00fbt de p\u00eache doux et rafra\u00eechissant<br \/>\n\u2022 L\u00e9g\u00e8re carbonatation pour une consommation facile<br \/>\n\u2022 Boost d\u2019\u00e9nergie Monster classique <\/p>\n<p><strong>D\u00e9tails du produit<\/strong><\/p>\n<p>Marque : Monster Energy<br \/>\nNom du produit : Monster Energy Ultra Peachy Keen sans sucres<br \/>\nSaveur : P\u00eache<br \/>\nType de boisson : Boisson \u00e9nergisante (sans sucres)<br \/>\nFormat : 473 ml<br \/>\nConditionnement : Canette en aluminium<br \/>\nPays d\u2019origine : \u00c9tats-Unis<\/p>\n<p><strong>Conservation<\/strong><\/p>\n<p>\u00c0 conserver dans un endroit frais et sec. \u00c0 d\u00e9guster bien frais pour un maximum de rafra\u00eechissement.<\/p>\n<p><strong>Parfait pour<\/strong><\/p>\n<p>\u2022 Boosts d\u2019\u00e9nergie durant la journ\u00e9e<br \/>\n\u2022 Amateurs de boissons \u00e0 la p\u00eache<br \/>\n\u2022 Entra\u00eenements et activit\u00e9s sportives<br \/>\n\u2022 Fans de la s\u00e9rie Monster Ultra<\/p>\n","protected":false},"excerpt":{"rendered":"<p>Monster Energy Ultra Peachy Keen sans sucres est une boisson \u00e9nergisante rafra\u00eechissante \u00e0 la p\u00eache avec le m\u00e9lange \u00e9nerg\u00e9tique signature de Monster.<\/p>\n","protected":false},"featured_media":272,"comment_status":"open","ping_status":"closed","template":"","meta":[],"product_brand":[],"product_cat":[1839,1809],"product_tag":[1879,2344,2346,2347,2345],"class_list":{"0":"post-2295","1":"product","2":"type-product","3":"status-publish","4":"has-post-thumbnail","6":"product_cat-boissons-energisantes","7":"product_cat-boissons","8":"product_tag-boisson-energisante-importee","9":"product_tag-boisson-energisante-sans-sucres","10":"product_tag-monster-boisson-energisante-peche","11":"product_tag-monster-ultra-peachy-keen","12":"product_tag-monster-ultra-series","14":"first","15":"instock","16":"shipping-taxable","17":"purchasable","18":"product-type-simple"},"_links":{"self":[{"href":"https:\/\/candysodas.ch\/fr\/wp-json\/wp\/v2\/product\/2295","targetHints":{"allow":["GET"]}}],"collection":[{"href":"https:\/\/candysodas.ch\/fr\/wp-json\/wp\/v2\/product"}],"about":[{"href":"https:\/\/candysodas.ch\/fr\/wp-json\/wp\/v2\/types\/product"}],"replies":[{"embeddable":true,"href":"https:\/\/candysodas.ch\/fr\/wp-json\/wp\/v2\/comments?post=2295"}],"wp:featuredmedia":[{"embeddable":true,"href":"https:\/\/candysodas.ch\/fr\/wp-json\/wp\/v2\/media\/272"}],"wp:attachment":[{"href":"https:\/\/candysodas.ch\/fr\/wp-json\/wp\/v2\/media?parent=2295"}],"wp:term":[{"taxonomy":"product_brand","embeddable":true,"href":"https:\/\/candysodas.ch\/fr\/wp-json\/wp\/v2\/product_brand?post=2295"},{"taxonomy":"product_cat","embeddable":true,"href":"https:\/\/candysodas.ch\/fr\/wp-json\/wp\/v2\/product_cat?post=2295"},{"taxonomy":"product_tag","embeddable":true,"href":"https:\/\/candysodas.ch\/fr\/wp-json\/wp\/v2\/product_tag?post=2295"}],"curies":[{"name":"wp","href":"https:\/\/api.w.org\/{rel}","templated":true}]}}