{"id":2327,"date":"2026-03-10T23:59:11","date_gmt":"2026-03-10T23:59:11","guid":{"rendered":"https:\/\/candysodas.ch\/product\/monster-energy-ultra-watermelon-sans-sucres-canette-de-500-ml\/"},"modified":"2026-03-10T23:59:11","modified_gmt":"2026-03-10T23:59:11","slug":"monster-energy-ultra-watermelon-sans-sucres-canette-de-500-ml","status":"publish","type":"product","link":"https:\/\/candysodas.ch\/fr\/produit\/monster-energy-ultra-watermelon-sans-sucres-canette-de-500-ml\/","title":{"rendered":"Monster Energy Ultra Watermelon sans sucres, canette de 500 ml"},"content":{"rendered":"<p><strong>Pr\u00e9sentation du produit<\/strong><\/p>\n<p>Monster Energy Ultra Watermelon sans sucres offre le go\u00fbt rafra\u00eechissant d\u2019une past\u00e8que juteuse associ\u00e9 au m\u00e9lange \u00e9nerg\u00e9tique embl\u00e9matique de Monster. Issue de la c\u00e9l\u00e8bre gamme Monster Ultra, cette boisson propose une saveur l\u00e9g\u00e8re et vive, sans sucres et avec moins de calories. <\/p>\n<p>Inspir\u00e9e par la saveur douce et d\u00e9salt\u00e9rante de la past\u00e8que estivale, l\u2019Ultra Watermelon est une boisson \u00e9nergisante onctueuse et l\u00e9g\u00e8rement gaz\u00e9ifi\u00e9e, facile \u00e0 savourer d\u00e8s que tu as besoin d\u2019un coup de boost.<\/p>\n<p>La gamme Monster Ultra est r\u00e9put\u00e9e pour offrir un maximum de saveur sans sucres, faisant de l\u2019Ultra Watermelon un excellent choix pour ceux qui recherchent de l\u2019\u00e9nergie sans l\u2019exc\u00e8s de sucre.<\/p>\n<p><strong>Caract\u00e9ristiques principales<\/strong><\/p>\n<p>\u2022 Boisson \u00e9nergisante sans sucres saveur past\u00e8que<br \/>\n\u2022 Fait partie de la gamme Monster Ultra<br \/>\n\u2022 Go\u00fbt de past\u00e8que estivale vif et rafra\u00eechissant<br \/>\n\u2022 L\u00e9g\u00e8re gaz\u00e9ification et fini onctueux<br \/>\n\u2022 M\u00e9lange \u00e9nerg\u00e9tique Monster embl\u00e9matique <\/p>\n<p><strong>D\u00e9tails du produit<\/strong><\/p>\n<p>Marque : Monster Energy<br \/>\nNom du produit : Monster Energy Ultra Watermelon sans sucres<br \/>\nSaveur : Past\u00e8que<br \/>\nType de boisson : Boisson \u00e9nergisante (sans sucres)<br \/>\nFormat : 500 ml<br \/>\nEmballage : Canette en aluminium<br \/>\nPays d\u2019origine : \u00c9tats-Unis<\/p>\n<p><strong>Conservation<\/strong><\/p>\n<p>\u00c0 conserver dans un endroit frais et sec. \u00c0 d\u00e9guster bien frais pour un maximum de rafra\u00eechissement.<\/p>\n<p><strong>Parfait pour<\/strong><\/p>\n<p>\u2022 Coups de boost durant la journ\u00e9e<br \/>\n\u2022 Amateurs de boissons \u00e9nergisantes fruit\u00e9es<br \/>\n\u2022 Entra\u00eenements et modes de vie actifs<br \/>\n\u2022 Passionn\u00e9s de la gamme Monster Ultra<\/p>\n","protected":false},"excerpt":{"rendered":"<p>Monster Energy Ultra Watermelon sans sucres est une boisson \u00e9nergisante rafra\u00eechissante \u00e0 la past\u00e8que avec le m\u00e9lange d\u2019\u00e9nergie signature de Monster.<\/p>\n","protected":false},"featured_media":268,"comment_status":"open","ping_status":"closed","template":"","meta":[],"product_brand":[],"product_cat":[1839,1809],"product_tag":[2396],"class_list":{"0":"post-2327","1":"product","2":"type-product","3":"status-publish","4":"has-post-thumbnail","6":"product_cat-boissons-energisantes","7":"product_cat-boissons","8":"product_tag-achete-monster-energy-ultra-watermelon-sans-sucres-500-ml-une-boisson-energisante-monster-rafraichissante-au-gout-de-pasteque-et-sans-sucres","10":"first","11":"instock","12":"shipping-taxable","13":"purchasable","14":"product-type-simple"},"_links":{"self":[{"href":"https:\/\/candysodas.ch\/fr\/wp-json\/wp\/v2\/product\/2327","targetHints":{"allow":["GET"]}}],"collection":[{"href":"https:\/\/candysodas.ch\/fr\/wp-json\/wp\/v2\/product"}],"about":[{"href":"https:\/\/candysodas.ch\/fr\/wp-json\/wp\/v2\/types\/product"}],"replies":[{"embeddable":true,"href":"https:\/\/candysodas.ch\/fr\/wp-json\/wp\/v2\/comments?post=2327"}],"wp:featuredmedia":[{"embeddable":true,"href":"https:\/\/candysodas.ch\/fr\/wp-json\/wp\/v2\/media\/268"}],"wp:attachment":[{"href":"https:\/\/candysodas.ch\/fr\/wp-json\/wp\/v2\/media?parent=2327"}],"wp:term":[{"taxonomy":"product_brand","embeddable":true,"href":"https:\/\/candysodas.ch\/fr\/wp-json\/wp\/v2\/product_brand?post=2327"},{"taxonomy":"product_cat","embeddable":true,"href":"https:\/\/candysodas.ch\/fr\/wp-json\/wp\/v2\/product_cat?post=2327"},{"taxonomy":"product_tag","embeddable":true,"href":"https:\/\/candysodas.ch\/fr\/wp-json\/wp\/v2\/product_tag?post=2327"}],"curies":[{"name":"wp","href":"https:\/\/api.w.org\/{rel}","templated":true}]}}