{"id":2385,"date":"2026-03-10T23:16:57","date_gmt":"2026-03-10T23:16:57","guid":{"rendered":"https:\/\/candysodas.ch\/product\/monster-energy-rio-punch-canette-473-ml\/"},"modified":"2026-03-10T23:16:57","modified_gmt":"2026-03-10T23:16:57","slug":"monster-energy-rio-punch-canette-473-ml","status":"publish","type":"product","link":"https:\/\/candysodas.ch\/fr\/produit\/monster-energy-rio-punch-canette-473-ml\/","title":{"rendered":"Monster Energy Rio Punch Canette 473 ml"},"content":{"rendered":"<p><strong>Pr\u00e9sentation du produit<\/strong><\/p>\n<p>Monster Energy Rio Punch offre un go\u00fbt punch tropical vibrant, inspir\u00e9 de l\u2019esprit festif de Rio. Cette boisson \u00e9nergisante rafra\u00eechissante associe des saveurs de fruits exotiques au puissant m\u00e9lange Monster Energy pour cr\u00e9er une boisson audacieuse et \u00e9nergisante. <\/p>\n<p>La boisson propose un profil punch fruit\u00e9 aux notes tropicales, pour un go\u00fbt doux et rafra\u00eechissant. Associ\u00e9 \u00e0 la formule \u00e9nergisante signature de Monster, Rio Punch t\u2019offre \u00e0 la fois une super saveur et le boost n\u00e9cessaire pour tenir pendant les longues journ\u00e9es, les entra\u00eenements ou les sessions gaming. <\/p>\n<p>Avec sa saveur tropicale \u00e9clatante et son kick \u00e9nergisant, Monster Energy Rio Punch est parfait si tu veux une touche fruit\u00e9e aux boissons \u00e9nergisantes classiques.<\/p>\n<p><strong>Caract\u00e9ristiques principales<\/strong><\/p>\n<p>\u2022 Boisson \u00e9nergisante au go\u00fbt punch aux fruits tropicaux<br \/>\n\u2022 Formule Monster Energy classique<br \/>\n\u2022 Go\u00fbt fruit\u00e9 doux et rafra\u00eechissant<br \/>\n\u2022 Apporte un boost d\u2019\u00e9nergie<br \/>\n\u2022 Profil de saveur tropicale audacieux et vibrant<\/p>\n<p><strong>D\u00e9tails du produit<\/strong><\/p>\n<p>Marque : Monster Energy<br \/>\nNom du produit : Monster Energy Rio Punch<br \/>\nSaveur : Punch aux fruits tropicaux<br \/>\nType de boisson : Boisson \u00e9nergisante<br \/>\nFormat : 473 ml<br \/>\nEmballage : Canette en aluminium<br \/>\nPays d\u2019origine : \u00c9tats-Unis<\/p>\n<p><strong>Conservation<\/strong><\/p>\n<p>\u00c0 conserver dans un endroit frais et sec. \u00c0 d\u00e9guster bien frais pour un maximum de rafra\u00eechissement.<\/p>\n<p><strong>Parfait pour<\/strong><\/p>\n<p>\u2022 Boost d\u2019\u00e9nergie pendant les longues journ\u00e9es<br \/>\n\u2022 Entra\u00eenements et activit\u00e9s sportives<br \/>\n\u2022 Fans de boissons \u00e9nergisantes aux saveurs tropicales<br \/>\n\u2022 Amateurs de boissons Monster Energy<\/p>\n","protected":false},"excerpt":{"rendered":"<p>Monster Energy Rio Punch est une boisson \u00e9nergisante au go\u00fbt punch aux fruits tropicaux, avec le boost Monster Energy classique.<\/p>\n","protected":false},"featured_media":238,"comment_status":"open","ping_status":"closed","template":"","meta":[],"product_brand":[],"product_cat":[1839,1809],"product_tag":[2429,1879,2428,2466,2097,2485],"class_list":{"0":"post-2385","1":"product","2":"type-product","3":"status-publish","4":"has-post-thumbnail","6":"product_cat-boissons-energisantes","7":"product_cat-boissons","8":"product_tag-boisson-energisante-au-punch-de-fruits","9":"product_tag-boisson-energisante-importee","10":"product_tag-boisson-energisante-monster","11":"product_tag-boisson-energisante-monster-punch","12":"product_tag-boisson-energisante-tropicale","13":"product_tag-monster-energy-rio-punch","15":"first","16":"instock","17":"shipping-taxable","18":"purchasable","19":"product-type-simple"},"_links":{"self":[{"href":"https:\/\/candysodas.ch\/fr\/wp-json\/wp\/v2\/product\/2385","targetHints":{"allow":["GET"]}}],"collection":[{"href":"https:\/\/candysodas.ch\/fr\/wp-json\/wp\/v2\/product"}],"about":[{"href":"https:\/\/candysodas.ch\/fr\/wp-json\/wp\/v2\/types\/product"}],"replies":[{"embeddable":true,"href":"https:\/\/candysodas.ch\/fr\/wp-json\/wp\/v2\/comments?post=2385"}],"wp:featuredmedia":[{"embeddable":true,"href":"https:\/\/candysodas.ch\/fr\/wp-json\/wp\/v2\/media\/238"}],"wp:attachment":[{"href":"https:\/\/candysodas.ch\/fr\/wp-json\/wp\/v2\/media?parent=2385"}],"wp:term":[{"taxonomy":"product_brand","embeddable":true,"href":"https:\/\/candysodas.ch\/fr\/wp-json\/wp\/v2\/product_brand?post=2385"},{"taxonomy":"product_cat","embeddable":true,"href":"https:\/\/candysodas.ch\/fr\/wp-json\/wp\/v2\/product_cat?post=2385"},{"taxonomy":"product_tag","embeddable":true,"href":"https:\/\/candysodas.ch\/fr\/wp-json\/wp\/v2\/product_tag?post=2385"}],"curies":[{"name":"wp","href":"https:\/\/api.w.org\/{rel}","templated":true}]}}