{"id":2423,"date":"2026-03-11T01:28:15","date_gmt":"2026-03-11T01:28:15","guid":{"rendered":"https:\/\/candysodas.ch\/product\/calypso-island-wave-lemonade-bouteille-en-verre-de-473-ml\/"},"modified":"2026-03-11T01:28:15","modified_gmt":"2026-03-11T01:28:15","slug":"calypso-island-wave-lemonade-bouteille-en-verre-de-473-ml","status":"publish","type":"product","link":"https:\/\/candysodas.ch\/fr\/produit\/calypso-island-wave-lemonade-bouteille-en-verre-de-473-ml\/","title":{"rendered":"Calypso Island Wave Lemonade, bouteille en verre de 473 ml"},"content":{"rendered":"<p><strong>Pr\u00e9sentation du produit<\/strong><\/p>\n<p>La Calypso Island Wave Lemonade apporte une touche tropicale vibrante \u00e0 la limonade classique. Cette boisson rafra\u00eechissante m\u00e9lange le go\u00fbt acidul\u00e9 de la limonade \u00e0 un mix de saveurs exotiques, cr\u00e9ant une boisson douce et fruit\u00e9e inspir\u00e9e des \u00eeles. <\/p>\n<p>Fabriqu\u00e9e avec du vrai jus de citron et des ar\u00f4mes naturels, l\u2019Island Wave Lemonade contient aussi des morceaux de pulpe de citron pour cette texture authentique de limonade maison propre \u00e0 Calypso. Le m\u00e9lange de fruits tropicaux ajoute une note sucr\u00e9e et rafra\u00eechissante, id\u00e9ale quand tu as envie de quelque chose de p\u00e9tillant et fruit\u00e9. <\/p>\n<p>Pr\u00e9sent\u00e9e dans l\u2019iconique bouteille en verre Calypso, l\u2019Island Wave Lemonade fait partie de la c\u00e9l\u00e8bre collection \u00ab Taste of the Islands \u00bb, r\u00e9put\u00e9e pour ses saveurs audacieuses et exotiques.<\/p>\n<p><strong>Caract\u00e9ristiques principales<\/strong><\/p>\n<p>\u2022 Limonade aux fruits tropicaux \u00e0 base de vrai jus de citron<br \/>\n\u2022 M\u00e9lange rafra\u00eechissant de fruits exotiques sucr\u00e9s et de limonade acidul\u00e9e<br \/>\n\u2022 Contient de vrais morceaux de pulpe de citron<br \/>\n\u2022 Fait partie de la gamme Calypso Taste of the Islands<br \/>\n\u2022 Bouteille en verre embl\u00e9matique <\/p>\n<p><strong>D\u00e9tails du produit<\/strong><\/p>\n<p>Marque : Calypso<br \/>\nNom du produit : Calypso Island Wave Lemonade<br \/>\nSaveur : Limonade aux fruits tropicaux<br \/>\nType de boisson : Limonade<br \/>\nFormat : 473 ml (16 fl oz)<br \/>\nEmballage : Bouteille en verre<br \/>\nPays d\u2019origine : \u00c9tats-Unis<\/p>\n<p><strong>Conservation<\/strong><\/p>\n<p>\u00c0 conserver dans un endroit frais et sec. Secoue bien avant de boire. \u00c0 servir bien frais.<\/p>\n<p><strong>Parfait pour<\/strong><\/p>\n<p>\u2022 Fans de boissons aux fruits tropicaux<br \/>\n\u2022 Boissons d\u2019\u00e9t\u00e9 rafra\u00eechissantes<br \/>\n\u2022 Amateurs de limonades fruit\u00e9es<br \/>\n\u2022 Passionn\u00e9s des limonades Calypso<\/p>\n","protected":false},"excerpt":{"rendered":"<p>Calypso Island Wave Lemonade est une limonade rafra\u00eechissante aux fruits tropicaux, faite avec du vrai jus de citron dans l\u2019embl\u00e9matique bouteille en verre Calypso.<\/p>\n","protected":false},"featured_media":335,"comment_status":"open","ping_status":"closed","template":"","meta":[],"product_brand":[],"product_cat":[1809,1853],"product_tag":[2543,2547,2546,2544,2545],"class_list":{"0":"post-2423","1":"product","2":"type-product","3":"status-publish","4":"has-post-thumbnail","6":"product_cat-boissons","7":"product_cat-boissons-aux-jus","8":"product_tag-boisson-calypso","9":"product_tag-boisson-limonade-tropicale","10":"product_tag-calypso-island-wave-lemonade","11":"product_tag-limonade-importee","12":"product_tag-limonade-tropicale-calypso","14":"first","15":"instock","16":"shipping-taxable","17":"purchasable","18":"product-type-simple"},"_links":{"self":[{"href":"https:\/\/candysodas.ch\/fr\/wp-json\/wp\/v2\/product\/2423","targetHints":{"allow":["GET"]}}],"collection":[{"href":"https:\/\/candysodas.ch\/fr\/wp-json\/wp\/v2\/product"}],"about":[{"href":"https:\/\/candysodas.ch\/fr\/wp-json\/wp\/v2\/types\/product"}],"replies":[{"embeddable":true,"href":"https:\/\/candysodas.ch\/fr\/wp-json\/wp\/v2\/comments?post=2423"}],"wp:featuredmedia":[{"embeddable":true,"href":"https:\/\/candysodas.ch\/fr\/wp-json\/wp\/v2\/media\/335"}],"wp:attachment":[{"href":"https:\/\/candysodas.ch\/fr\/wp-json\/wp\/v2\/media?parent=2423"}],"wp:term":[{"taxonomy":"product_brand","embeddable":true,"href":"https:\/\/candysodas.ch\/fr\/wp-json\/wp\/v2\/product_brand?post=2423"},{"taxonomy":"product_cat","embeddable":true,"href":"https:\/\/candysodas.ch\/fr\/wp-json\/wp\/v2\/product_cat?post=2423"},{"taxonomy":"product_tag","embeddable":true,"href":"https:\/\/candysodas.ch\/fr\/wp-json\/wp\/v2\/product_tag?post=2423"}],"curies":[{"name":"wp","href":"https:\/\/api.w.org\/{rel}","templated":true}]}}