{"id":2459,"date":"2026-03-11T01:01:10","date_gmt":"2026-03-11T01:01:10","guid":{"rendered":"https:\/\/candysodas.ch\/product\/calypso-southern-peach-lemonade-473-ml-bouteille-en-verre\/"},"modified":"2026-03-11T01:01:10","modified_gmt":"2026-03-11T01:01:10","slug":"calypso-southern-peach-lemonade-473-ml-bouteille-en-verre","status":"publish","type":"product","link":"https:\/\/candysodas.ch\/fr\/produit\/calypso-southern-peach-lemonade-473-ml-bouteille-en-verre\/","title":{"rendered":"Calypso Southern Peach Lemonade 473 ml Bouteille en verre"},"content":{"rendered":"<p><strong>Pr\u00e9sentation du produit<\/strong><\/p>\n<p>Calypso Southern Peach Lemonade combine le go\u00fbt rafra\u00eechissant de la limonade classique avec la douceur velout\u00e9e de p\u00eaches juteuses. Inspir\u00e9e des saveurs vibrantes du Sud am\u00e9ricain, cette boisson offre un m\u00e9lange parfaitement \u00e9quilibr\u00e9 de p\u00eache sucr\u00e9e et de citron acidul\u00e9. <\/p>\n<p>Pr\u00e9par\u00e9e avec du vrai jus de citron et des ar\u00f4mes naturels, Southern Peach Lemonade offre un go\u00fbt fruit\u00e9 rafra\u00eechissant avec de petits morceaux de pulpe de citron qui lui donnent une sensation de limonade maison authentique.<\/p>\n<p>Conditionn\u00e9e dans l&#8217;embl\u00e9matique bouteille en verre Calypso, cette boisson est un favori parmi les amateurs de limonade \u00e0 la recherche d&rsquo;une boisson fruit\u00e9e et rafra\u00eechissante.<\/p>\n<p><strong>Caract\u00e9ristiques principales<\/strong><\/p>\n<p>\u2022 Limonade \u00e0 la p\u00eache pr\u00e9par\u00e9e avec du vrai jus de citron<br \/>\n\u2022 Combinaison de saveurs p\u00eache sucr\u00e9e et limonade acidul\u00e9e<br \/>\n\u2022 Contient de vrais morceaux de pulpe de citron<br \/>\n\u2022 Fait partie de la gamme Calypso Taste of the Islands<br \/>\n\u2022 Bouteille en verre iconique <\/p>\n<p><strong>D\u00e9tails du produit<\/strong><\/p>\n<p>Marque : Calypso<br \/>\nNom du produit : Calypso Southern Peach Lemonade<br \/>\nSaveur : Limonade \u00e0 la p\u00eache<br \/>\nType de boisson : Limonade<br \/>\nTaille de bouteille : 473 ml (16 fl oz)<br \/>\nConditionnement : Bouteille en verre<br \/>\nPays d&rsquo;origine : \u00c9tats-Unis<\/p>\n<p><strong>Conservation<\/strong><\/p>\n<p>\u00c0 conserver dans un endroit frais et sec. Bien agiter avant de boire. \u00c0 servir bien frais.<\/p>\n<p><strong>Parfait pour<\/strong><\/p>\n<p>\u2022 Fans de boissons \u00e0 la p\u00eache<br \/>\n\u2022 Boissons d&rsquo;\u00e9t\u00e9 rafra\u00eechissantes<br \/>\n\u2022 Amateurs de limonade fruit\u00e9e<br \/>\n\u2022 Passionn\u00e9s de limonade Calypso<\/p>\n","protected":false},"excerpt":{"rendered":"<p>Calypso Southern Peach Lemonade est une limonade rafra\u00eechissante \u00e0 la p\u00eache pr\u00e9par\u00e9e avec du vrai jus de citron et servie dans l&rsquo;iconique bouteille en verre.<\/p>\n","protected":false},"featured_media":317,"comment_status":"open","ping_status":"closed","template":"","meta":[],"product_brand":[],"product_cat":[1809,1853],"product_tag":[2543,2599,2601,2600,2544],"class_list":{"0":"post-2459","1":"product","2":"type-product","3":"status-publish","4":"has-post-thumbnail","6":"product_cat-boissons","7":"product_cat-boissons-aux-jus","8":"product_tag-boisson-calypso","9":"product_tag-calypso-limonade-peche","10":"product_tag-calypso-southern-peach-lemonade","11":"product_tag-limonade-a-la-peche","12":"product_tag-limonade-importee","14":"first","15":"instock","16":"shipping-taxable","17":"purchasable","18":"product-type-simple"},"_links":{"self":[{"href":"https:\/\/candysodas.ch\/fr\/wp-json\/wp\/v2\/product\/2459","targetHints":{"allow":["GET"]}}],"collection":[{"href":"https:\/\/candysodas.ch\/fr\/wp-json\/wp\/v2\/product"}],"about":[{"href":"https:\/\/candysodas.ch\/fr\/wp-json\/wp\/v2\/types\/product"}],"replies":[{"embeddable":true,"href":"https:\/\/candysodas.ch\/fr\/wp-json\/wp\/v2\/comments?post=2459"}],"wp:featuredmedia":[{"embeddable":true,"href":"https:\/\/candysodas.ch\/fr\/wp-json\/wp\/v2\/media\/317"}],"wp:attachment":[{"href":"https:\/\/candysodas.ch\/fr\/wp-json\/wp\/v2\/media?parent=2459"}],"wp:term":[{"taxonomy":"product_brand","embeddable":true,"href":"https:\/\/candysodas.ch\/fr\/wp-json\/wp\/v2\/product_brand?post=2459"},{"taxonomy":"product_cat","embeddable":true,"href":"https:\/\/candysodas.ch\/fr\/wp-json\/wp\/v2\/product_cat?post=2459"},{"taxonomy":"product_tag","embeddable":true,"href":"https:\/\/candysodas.ch\/fr\/wp-json\/wp\/v2\/product_tag?post=2459"}],"curies":[{"name":"wp","href":"https:\/\/api.w.org\/{rel}","templated":true}]}}