{"id":2463,"date":"2026-03-11T00:58:56","date_gmt":"2026-03-11T00:58:56","guid":{"rendered":"https:\/\/candysodas.ch\/product\/calypso-sunset-peach-lemonade-bouteille-en-verre-473-ml\/"},"modified":"2026-03-11T00:58:56","modified_gmt":"2026-03-11T00:58:56","slug":"calypso-sunset-peach-lemonade-bouteille-en-verre-473-ml","status":"publish","type":"product","link":"https:\/\/candysodas.ch\/fr\/produit\/calypso-sunset-peach-lemonade-bouteille-en-verre-473-ml\/","title":{"rendered":"Calypso Sunset Peach Lemonade Bouteille en verre 473 ml"},"content":{"rendered":"<p><strong>Pr\u00e9sentation du produit<\/strong><\/p>\n<p>Calypso Sunset Peach Lemonade m\u00e9lange le go\u00fbt rafra\u00eechissant de la limonade classique avec la douceur onctueuse des p\u00eaches m\u00fbres. Faisant partie de la populaire gamme Calypso \u00ab Taste of the Islands \u00bb, cette boisson offre un rafra\u00eechissement vif et fruit\u00e9 inspir\u00e9 des saveurs des \u00eeles tropicales. <\/p>\n<p>Fabriqu\u00e9e avec du vrai jus de citron et des ar\u00f4mes naturels, la Sunset Peach Lemonade offre un m\u00e9lange parfaitement \u00e9quilibr\u00e9 de p\u00eache sucr\u00e9e et de limonade acidul\u00e9e. La boisson contient \u00e9galement de petits morceaux de pulpe de citron, lui donnant une sensation authentique de limonade faite maison. <\/p>\n<p>Conditionn\u00e9e dans l\u2019embl\u00e9matique bouteille en verre Calypso, cette boisson rafra\u00eechissante est parfaite pour \u00eatre d\u00e9gust\u00e9e bien fra\u00eeche lors des journ\u00e9es chaudes ou chaque fois que tu as envie d\u2019une limonade fruit\u00e9e et p\u00e9tillante.<\/p>\n<p><strong>Caract\u00e9ristiques principales<\/strong><\/p>\n<p>\u2022 Limonade au go\u00fbt de p\u00eache avec du vrai jus de citron<br \/>\n\u2022 M\u00e9lange de p\u00eache sucr\u00e9e et de limonade acidul\u00e9e<br \/>\n\u2022 Contient de petits morceaux de pulpe de citron<br \/>\n\u2022 Fait partie de la gamme Calypso Taste of the Islands<br \/>\n\u2022 Emballage embl\u00e9matique en bouteille de verre <\/p>\n<p><strong>D\u00e9tails du produit<\/strong><\/p>\n<p>Marque : Calypso<br \/>\nNom du produit : Calypso Sunset Peach Lemonade<br \/>\nSaveur : Limonade P\u00eache<br \/>\nType de boisson : Limonade<br \/>\nTaille de la bouteille : 473 ml (16 fl oz)<br \/>\nEmballage : Bouteille en verre<br \/>\nPays d\u2019origine : \u00c9tats-Unis<\/p>\n<p><strong>Conservation<\/strong><\/p>\n<p>\u00c0 conserver dans un endroit frais et sec. Bien agiter avant de boire. \u00c0 servir bien frais.<\/p>\n<p><strong>Parfait pour<\/strong><\/p>\n<p>\u2022 Fans de boissons limonades fruit\u00e9es<br \/>\n\u2022 Boissons estivales rafra\u00eechissantes<br \/>\n\u2022 Boissons gazeuses aux saveurs tropicales<br \/>\n\u2022 Amateurs de limonade Calypso<\/p>\n","protected":false},"excerpt":{"rendered":"<p>Calypso Sunset Peach Lemonade est une limonade rafra\u00eechissante au go\u00fbt de p\u00eache, fabriqu\u00e9e avec du vrai jus de citron et servie dans l\u2019embl\u00e9matique bouteille en verre.<\/p>\n","protected":false},"featured_media":315,"comment_status":"open","ping_status":"closed","template":"","meta":[],"product_brand":[],"product_cat":[1809,1853],"product_tag":[2543,2599,2604,2600,2544],"class_list":{"0":"post-2463","1":"product","2":"type-product","3":"status-publish","4":"has-post-thumbnail","6":"product_cat-boissons","7":"product_cat-boissons-aux-jus","8":"product_tag-boisson-calypso","9":"product_tag-calypso-limonade-peche","10":"product_tag-calypso-sunset-peach-lemonade","11":"product_tag-limonade-a-la-peche","12":"product_tag-limonade-importee","14":"first","15":"instock","16":"shipping-taxable","17":"purchasable","18":"product-type-simple"},"_links":{"self":[{"href":"https:\/\/candysodas.ch\/fr\/wp-json\/wp\/v2\/product\/2463","targetHints":{"allow":["GET"]}}],"collection":[{"href":"https:\/\/candysodas.ch\/fr\/wp-json\/wp\/v2\/product"}],"about":[{"href":"https:\/\/candysodas.ch\/fr\/wp-json\/wp\/v2\/types\/product"}],"replies":[{"embeddable":true,"href":"https:\/\/candysodas.ch\/fr\/wp-json\/wp\/v2\/comments?post=2463"}],"wp:featuredmedia":[{"embeddable":true,"href":"https:\/\/candysodas.ch\/fr\/wp-json\/wp\/v2\/media\/315"}],"wp:attachment":[{"href":"https:\/\/candysodas.ch\/fr\/wp-json\/wp\/v2\/media?parent=2463"}],"wp:term":[{"taxonomy":"product_brand","embeddable":true,"href":"https:\/\/candysodas.ch\/fr\/wp-json\/wp\/v2\/product_brand?post=2463"},{"taxonomy":"product_cat","embeddable":true,"href":"https:\/\/candysodas.ch\/fr\/wp-json\/wp\/v2\/product_cat?post=2463"},{"taxonomy":"product_tag","embeddable":true,"href":"https:\/\/candysodas.ch\/fr\/wp-json\/wp\/v2\/product_tag?post=2463"}],"curies":[{"name":"wp","href":"https:\/\/api.w.org\/{rel}","templated":true}]}}