{"id":2511,"date":"2026-03-11T01:25:47","date_gmt":"2026-03-11T01:25:47","guid":{"rendered":"https:\/\/candysodas.ch\/product\/calypso-strawberry-lemonade-bouteille-en-verre-de-473-ml\/"},"modified":"2026-03-11T01:25:47","modified_gmt":"2026-03-11T01:25:47","slug":"calypso-strawberry-lemonade-bouteille-en-verre-de-473-ml","status":"publish","type":"product","link":"https:\/\/candysodas.ch\/fr\/produit\/calypso-strawberry-lemonade-bouteille-en-verre-de-473-ml\/","title":{"rendered":"Calypso Strawberry Lemonade, bouteille en verre de 473 ml"},"content":{"rendered":"<p><strong>Pr\u00e9sentation du produit<\/strong><\/p>\n<p>La Calypso Strawberry Lemonade combine le piquant rafra\u00eechissant de la limonade classique avec la saveur sucr\u00e9e des fraises m\u00fbres. Cette boisson \u00e9clatante offre un m\u00e9lange parfaitement \u00e9quilibr\u00e9 de fra\u00eecheur citronn\u00e9e et de douceur fruit\u00e9e, ce qui en fait une boisson d\u00e9salt\u00e9rante et gourmande. <\/p>\n<p>\u00c9labor\u00e9e avec du vrai jus de citron et des ar\u00f4mes naturels de fruits, la Calypso Strawberry Lemonade contient \u00e9galement de petits morceaux de pulpe de citron qui cr\u00e9ent la texture authentique de limonade maison propre \u00e0 la marque. La saveur vive de la fraise apporte une touche douce et sucr\u00e9e \u00e0 la limonade traditionnelle. <\/p>\n<p>Pr\u00e9sent\u00e9e dans l\u2019iconique bouteille en verre Calypso, la Strawberry Lemonade fait partie de la c\u00e9l\u00e8bre collection \u00ab Taste of the Islands \u00bb, r\u00e9put\u00e9e pour ses m\u00e9langes de fruits audacieux et rafra\u00eechissants.<\/p>\n<p><strong>Caract\u00e9ristiques principales<\/strong><\/p>\n<p>\u2022 Limonade \u00e0 la fraise faite avec du vrai jus de citron<br \/>\n\u2022 M\u00e9lange de baies sucr\u00e9es et d\u2019agrumes acidul\u00e9s<br \/>\n\u2022 Contient de vrais morceaux de pulpe de citron<br \/>\n\u2022 Fait partie de la gamme Calypso Taste of the Islands<br \/>\n\u2022 Bouteille en verre signature Calypso <\/p>\n<p><strong>D\u00e9tails du produit<\/strong><\/p>\n<p>Marque : Calypso<br \/>\nNom du produit : Calypso Strawberry Lemonade<br \/>\nSaveur : Limonade \u00e0 la fraise<br \/>\nType de boisson : Limonade<br \/>\nTaille de la bouteille : 473 ml (16 fl oz)<br \/>\nEmballage : Bouteille en verre<br \/>\nPays d\u2019origine : \u00c9tats-Unis<\/p>\n<p><strong>Conservation<\/strong><\/p>\n<p>\u00c0 conserver dans un endroit frais et sec. Bien secouer avant de boire. \u00c0 servir bien frais.<\/p>\n<p><strong>Parfait pour<\/strong><\/p>\n<p>\u2022 Fans de boissons \u00e0 la fraise<br \/>\n\u2022 Boissons d\u2019\u00e9t\u00e9 rafra\u00eechissantes<br \/>\n\u2022 Amateurs de limonades fruit\u00e9es<br \/>\n\u2022 Passionn\u00e9s des limonades Calypso<\/p>\n","protected":false},"excerpt":{"rendered":"<p>La Calypso Strawberry Lemonade est un m\u00e9lange rafra\u00eechissant de fraises sucr\u00e9es et de limonade acidul\u00e9e faite avec du vrai jus de citron.<\/p>\n","protected":false},"featured_media":333,"comment_status":"open","ping_status":"closed","template":"","meta":[],"product_brand":[],"product_cat":[1809,1853],"product_tag":[2543,2668,2667,2666,2544],"class_list":{"0":"post-2511","1":"product","2":"type-product","3":"status-publish","4":"has-post-thumbnail","6":"product_cat-boissons","7":"product_cat-boissons-aux-jus","8":"product_tag-boisson-calypso","9":"product_tag-boisson-limonade-a-la-fraise","10":"product_tag-calypso-limonade-aux-baies","11":"product_tag-calypso-strawberry-lemonade","12":"product_tag-limonade-importee","14":"first","15":"instock","16":"shipping-taxable","17":"purchasable","18":"product-type-simple"},"_links":{"self":[{"href":"https:\/\/candysodas.ch\/fr\/wp-json\/wp\/v2\/product\/2511","targetHints":{"allow":["GET"]}}],"collection":[{"href":"https:\/\/candysodas.ch\/fr\/wp-json\/wp\/v2\/product"}],"about":[{"href":"https:\/\/candysodas.ch\/fr\/wp-json\/wp\/v2\/types\/product"}],"replies":[{"embeddable":true,"href":"https:\/\/candysodas.ch\/fr\/wp-json\/wp\/v2\/comments?post=2511"}],"wp:featuredmedia":[{"embeddable":true,"href":"https:\/\/candysodas.ch\/fr\/wp-json\/wp\/v2\/media\/333"}],"wp:attachment":[{"href":"https:\/\/candysodas.ch\/fr\/wp-json\/wp\/v2\/media?parent=2511"}],"wp:term":[{"taxonomy":"product_brand","embeddable":true,"href":"https:\/\/candysodas.ch\/fr\/wp-json\/wp\/v2\/product_brand?post=2511"},{"taxonomy":"product_cat","embeddable":true,"href":"https:\/\/candysodas.ch\/fr\/wp-json\/wp\/v2\/product_cat?post=2511"},{"taxonomy":"product_tag","embeddable":true,"href":"https:\/\/candysodas.ch\/fr\/wp-json\/wp\/v2\/product_tag?post=2511"}],"curies":[{"name":"wp","href":"https:\/\/api.w.org\/{rel}","templated":true}]}}