{"id":2555,"date":"2026-03-15T23:56:27","date_gmt":"2026-03-15T23:56:27","guid":{"rendered":"https:\/\/candysodas.ch\/product\/bonbons-sour-patch-kids-extreme-moelleux-a-macher\/"},"modified":"2026-03-15T23:56:27","modified_gmt":"2026-03-15T23:56:27","slug":"bonbons-sour-patch-kids-extreme-moelleux-a-macher","status":"publish","type":"product","link":"https:\/\/candysodas.ch\/fr\/produit\/bonbons-sour-patch-kids-extreme-moelleux-a-macher\/","title":{"rendered":"Bonbons Sour Patch Kids Extreme moelleux &amp; \u00e0 m\u00e2cher"},"content":{"rendered":"<p>Sour Patch Kids Extreme fait passer l\u2019exp\u00e9rience classique Sour Patch Kids au niveau sup\u00e9rieur avec une touche encore plus acidul\u00e9e. Chaque bouch\u00e9e commence par une forte explosion acidul\u00e9e avant de se transformer en un d\u00e9licieux go\u00fbt fruit\u00e9 sucr\u00e9. <\/p>\n<p>Ces bonbons moelleux et color\u00e9s ont la forme de petits personnages et offrent une texture \u00e0 m\u00e2cher qui les rend super fun \u00e0 manger. Parfaits \u00e0 partager, pour les soir\u00e9es cin\u00e9 ou pour satisfaire tes envies de bonbons acidul\u00e9s. <\/p>\n<p>La bo\u00eete pratique de 99&nbsp;g te permet de savourer ce bonbon am\u00e9ricain culte \u00e0 tout moment.<\/p>\n","protected":false},"excerpt":{"rendered":"<p>Sour Patch Kids Extreme offre un punch acidul\u00e9 intense suivi d\u2019une finale fruit\u00e9e sucr\u00e9e. Ces bonbons moelleux et \u00e0 m\u00e2cher se pr\u00e9sentent en pi\u00e8ces fun en forme de petits personnages, avec des saveurs bien marqu\u00e9es qui en font un favori des fans de bonbons acidul\u00e9s. <\/p>\n","protected":false},"featured_media":398,"comment_status":"open","ping_status":"closed","template":"","meta":[],"product_brand":[],"product_cat":[1103,1104,1105],"product_tag":[1602,2733,1106,2732,1108,1107],"class_list":{"0":"post-2555","1":"product","2":"type-product","3":"status-publish","4":"has-post-thumbnail","6":"product_cat-snacks","7":"product_cat-bonbons","8":"product_cat-bonbons-gelifies","9":"product_tag-bonbon-americain","10":"product_tag-bonbons-a-macher","11":"product_tag-bonbons-acidules","12":"product_tag-bonbons-gelifies","13":"product_tag-bonbons-gelifies-acidules","14":"product_tag-sour-patch-kids","16":"first","17":"instock","18":"shipping-taxable","19":"purchasable","20":"product-type-simple"},"_links":{"self":[{"href":"https:\/\/candysodas.ch\/fr\/wp-json\/wp\/v2\/product\/2555","targetHints":{"allow":["GET"]}}],"collection":[{"href":"https:\/\/candysodas.ch\/fr\/wp-json\/wp\/v2\/product"}],"about":[{"href":"https:\/\/candysodas.ch\/fr\/wp-json\/wp\/v2\/types\/product"}],"replies":[{"embeddable":true,"href":"https:\/\/candysodas.ch\/fr\/wp-json\/wp\/v2\/comments?post=2555"}],"wp:featuredmedia":[{"embeddable":true,"href":"https:\/\/candysodas.ch\/fr\/wp-json\/wp\/v2\/media\/398"}],"wp:attachment":[{"href":"https:\/\/candysodas.ch\/fr\/wp-json\/wp\/v2\/media?parent=2555"}],"wp:term":[{"taxonomy":"product_brand","embeddable":true,"href":"https:\/\/candysodas.ch\/fr\/wp-json\/wp\/v2\/product_brand?post=2555"},{"taxonomy":"product_cat","embeddable":true,"href":"https:\/\/candysodas.ch\/fr\/wp-json\/wp\/v2\/product_cat?post=2555"},{"taxonomy":"product_tag","embeddable":true,"href":"https:\/\/candysodas.ch\/fr\/wp-json\/wp\/v2\/product_tag?post=2555"}],"curies":[{"name":"wp","href":"https:\/\/api.w.org\/{rel}","templated":true}]}}